{"id":1407,"date":"2017-02-13T15:07:14","date_gmt":"2017-02-13T15:07:14","guid":{"rendered":"http:\/\/test.kriesi.at\/enfold-2017\/?page_id=1407"},"modified":"2017-02-13T15:07:14","modified_gmt":"2017-02-13T15:07:14","slug":"partnerlogo-element","status":"publish","type":"page","link":"https:\/\/vicolli.com\/?page_id=1407","title":{"rendered":"Partner\/Logo Element"},"content":{"rendered":"\n<style type=\"text\/css\" data-created_by=\"avia_inline_auto\" id=\"style-css-av-av_heading-92c2a2f55fb8a351540243f186b0f746\">\n#top .av-special-heading.av-av_heading-92c2a2f55fb8a351540243f186b0f746{\npadding-bottom:15px;\ncolor:#000000;\nfont-size:40px;\n}\nbody .av-special-heading.av-av_heading-92c2a2f55fb8a351540243f186b0f746 .av-special-heading-tag .heading-char{\nfont-size:25px;\n}\n#top #wrap_all .av-special-heading.av-av_heading-92c2a2f55fb8a351540243f186b0f746 .av-special-heading-tag{\nfont-size:40px;\n}\n.av-special-heading.av-av_heading-92c2a2f55fb8a351540243f186b0f746 .special-heading-inner-border{\nborder-color:#000000;\n}\n.av-special-heading.av-av_heading-92c2a2f55fb8a351540243f186b0f746 .av-subheading{\nfont-size:15px;\n}\n\n@media only screen and (min-width: 480px) and (max-width: 767px){ \n#top #wrap_all .av-special-heading.av-av_heading-92c2a2f55fb8a351540243f186b0f746 .av-special-heading-tag{\nfont-size:0.8em;\n}\n}\n\n@media only screen and (max-width: 479px){ \n#top #wrap_all .av-special-heading.av-av_heading-92c2a2f55fb8a351540243f186b0f746 .av-special-heading-tag{\nfont-size:0.8em;\n}\n}\n<\/style>\n<div  class='av-special-heading av-av_heading-92c2a2f55fb8a351540243f186b0f746 av-special-heading-h1 custom-color-heading blockquote modern-quote  avia-builder-el-0  el_before_av_textblock  avia-builder-el-first  av-inherit-size'><h1 id=\"partner-logo-element\" class='av-special-heading-tag'  itemprop=\"headline\"  >Partner\/Logo Element<\/h1><div class=\"special-heading-border\"><div class=\"special-heading-inner-border\"><\/div><\/div><\/div>\n<section  class='av_textblock_section av-av_textblock-396ddf1f42196ca838231e61a4602801'  itemscope=\"itemscope\" itemtype=\"https:\/\/schema.org\/CreativeWork\" ><div class='avia_textblock'  itemprop=\"text\" ><p>The Partner\/Logo Element allows you to display a slider or a grid with images that can be linked to any URL. Options are:<\/p>\n<ul>\n<li>1-8 Columns<\/li>\n<li>Slider or Grid Display<\/li>\n<li>Border or without border<\/li>\n<li>Display\/Hide slideshow arrows<\/li>\n<li>Linking to any URL, either in existing or new window<\/li>\n<li>Display image caption on hover<\/li>\n<li>See more examples with different logos at the <a href=\"http:\/\/www.kriesi.at\/themes\/enfold\/shortcodes\/partnerlogo-element\/\">Enfold Classic Demo<\/a><\/li>\n<\/ul>\n<\/div><\/section>\n\n<style type=\"text\/css\" data-created_by=\"avia_inline_auto\" id=\"style-css-av-av_one_half-6126cab7d8fab8d08143dd2dacdf673c\">\n.flex_column.av-av_one_half-6126cab7d8fab8d08143dd2dacdf673c{\n-webkit-border-radius:0px 0px 0px 0px;\n-moz-border-radius:0px 0px 0px 0px;\nborder-radius:0px 0px 0px 0px;\npadding:0px 0px 0px 0px;\n}\n<\/style>\n<div class='flex_column av-av_one_half-6126cab7d8fab8d08143dd2dacdf673c av_one_half  avia-builder-el-2  el_after_av_textblock  el_before_av_one_half  first flex_column_div av-zero-column-padding column-top-margin'     ><div  class='avia-logo-element-container av-av_partner-685221725f70ecbb984622793f21ec4d av-border-deactivate avia-logo-grid avia-content-slider avia-smallarrow-slider avia-content-grid-active noHover avia-content-slider-even  avia-builder-el-3  avia-builder-el-no-sibling  avia-content-slider1' ><div class='avia-smallarrow-slider-heading '><div class='new-special-heading'><h3 id=\"grid-display\" class='av-logo-special-heading-text '>Grid Display <\/h3><\/div><\/div><div class=\"avia-content-slider-inner\"><div class=\"slide-entry-wrap\"><div  class='slide-entry av-av_partner_logo-8d5bf5fe8d4e32b5baf11727136820f7 flex_column no_margin av_one_fourth real-thumbnail post-entry slide-entry-overview slide-loop-1 slide-parity-odd  first'><span class='av-partner-fake-img' style='padding-bottom:100%; background-image:url(https:\/\/vicolli.com\/wp-content\/uploads\/2017\/02\/logosquare-wpseo-mini.jpg);'><\/span><\/div><div  class='slide-entry av-av_partner_logo-71ec664203ba720261987a387625963e flex_column no_margin av_one_fourth real-thumbnail post-entry slide-entry-overview slide-loop-2 slide-parity-even  '><span class='av-partner-fake-img' style='padding-bottom:100%; background-image:url(https:\/\/vicolli.com\/wp-content\/uploads\/2017\/02\/logosquare-wpml-mini.jpg);'><\/span><\/div><div  class='slide-entry av-av_partner_logo-7dd2c409b233d5b4ccae21324bb09ea0 flex_column no_margin av_one_fourth real-thumbnail post-entry slide-entry-overview slide-loop-3 slide-parity-odd  '><span class='av-partner-fake-img' style='padding-bottom:100%; background-image:url(https:\/\/vicolli.com\/wp-content\/uploads\/2017\/02\/logosquare-rev-mini.jpg);'><\/span><\/div><div  class='slide-entry av-av_partner_logo-04770949830cd8369c741b2d9aa407ac flex_column no_margin av_one_fourth real-thumbnail post-entry slide-entry-overview slide-loop-4 slide-parity-even  '><span class='av-partner-fake-img' style='padding-bottom:100%; background-image:url(https:\/\/vicolli.com\/wp-content\/uploads\/2017\/02\/logosquare-woo-mini.jpg);'><\/span><\/div><\/div><div class=\"slide-entry-wrap\"><div  class='slide-entry av-av_partner_logo-bcc03d38158e5e605064979cdc4193a3 flex_column no_margin av_one_fourth real-thumbnail post-entry slide-entry-overview slide-loop-5 slide-parity-odd  first'><span class='av-partner-fake-img' style='padding-bottom:100%; background-image:url(https:\/\/vicolli.com\/wp-content\/uploads\/2017\/02\/logosquare-gravity-mini.jpg);'><\/span><\/div><div  class='slide-entry av-av_partner_logo-adb27439c959fb97483d84118b1a8ed2 flex_column no_margin av_one_fourth real-thumbnail post-entry slide-entry-overview slide-loop-6 slide-parity-even  '><span class='av-partner-fake-img' style='padding-bottom:100%; background-image:url(https:\/\/vicolli.com\/wp-content\/uploads\/2017\/02\/logosquare-layer-mini.jpg);'><\/span><\/div><div  class='slide-entry av-av_partner_logo-8c3d5198a78483a7ce5ebb03f3c1231b flex_column no_margin av_one_fourth real-thumbnail post-entry slide-entry-overview slide-loop-7 slide-parity-odd  '><span class='av-partner-fake-img' style='padding-bottom:100%; background-image:url(https:\/\/vicolli.com\/wp-content\/uploads\/2017\/02\/logosquare-chimp-mini.jpg);'><\/span><\/div><div  class='slide-entry av-av_partner_logo-6de377621d37cab5d963b5a3ce668a0f flex_column no_margin av_one_fourth real-thumbnail post-entry slide-entry-overview slide-loop-8 slide-parity-even post-entry-last '><span class='av-partner-fake-img' style='padding-bottom:100%; background-image:url(https:\/\/vicolli.com\/wp-content\/uploads\/2017\/02\/logosquare-events-mini.jpg);'><\/span><\/div><\/div><\/div><\/div><\/div>\n<style type=\"text\/css\" data-created_by=\"avia_inline_auto\" id=\"style-css-av-av_one_half-0aa7055fe62c3622faec82866afbaeb2\">\n.flex_column.av-av_one_half-0aa7055fe62c3622faec82866afbaeb2{\n-webkit-border-radius:0px 0px 0px 0px;\n-moz-border-radius:0px 0px 0px 0px;\nborder-radius:0px 0px 0px 0px;\npadding:0px 0px 0px 0px;\n}\n<\/style>\n<div class='flex_column av-av_one_half-0aa7055fe62c3622faec82866afbaeb2 av_one_half  avia-builder-el-4  el_after_av_one_half  el_before_av_hr  flex_column_div av-zero-column-padding column-top-margin'     ><div  class='avia-logo-element-container av-av_partner-fe7d6e06156fdac441e3b45977cbd839 av-border-deactivate avia-logo-slider avia-content-slider avia-smallarrow-slider avia-content-slider-active noHover avia-content-slider-even  avia-builder-el-5  avia-builder-el-no-sibling  av-slideshow-ui av-control-default av-nav-arrows-visible av-nav-dots-visible av-no-slider-navigation av-slideshow-autoplay av-loop-endless av-loop-manual-endless avia-content-slider2' data-slideshow-options=\"{&quot;animation&quot;:&quot;slide&quot;,&quot;autoplay&quot;:true,&quot;loop_autoplay&quot;:&quot;endless&quot;,&quot;interval&quot;:10,&quot;loop_manual&quot;:&quot;manual-endless&quot;,&quot;autoplay_stopper&quot;:false,&quot;noNavigation&quot;:false,&quot;bg_slider&quot;:false,&quot;keep_padding&quot;:&quot;&quot;,&quot;hoverpause&quot;:false,&quot;show_slide_delay&quot;:0}\"><div class='avia-smallarrow-slider-heading '><div class='new-special-heading'><h3 id=\"small-slider-with-arrows\" class='av-logo-special-heading-text '>Small Slider with arrows<\/h3><\/div><div class='avia-slideshow-arrows avia-slideshow-controls' ><a href='#prev' class='prev-slide ' aria-hidden='true' data-av_icon='\ue87c' data-av_iconfont='entypo-fontello'  tabindex='-1'>\u00d6nceki<\/a><a href='#next' class='next-slide ' aria-hidden='true' data-av_icon='\ue87d' data-av_iconfont='entypo-fontello'  tabindex='-1'>Sonraki<\/a><\/div><\/div><div class=\"avia-content-slider-inner\"><div class=\"slide-entry-wrap\"><div  class='slide-entry av-av_partner_logo-04770949830cd8369c741b2d9aa407ac flex_column no_margin av_one_fourth real-thumbnail post-entry slide-entry-overview slide-loop-1 slide-parity-odd  first'><span class='av-partner-fake-img' style='padding-bottom:100%; background-image:url(https:\/\/vicolli.com\/wp-content\/uploads\/2017\/02\/logosquare-woo-mini.jpg);'><\/span><\/div><div  class='slide-entry av-av_partner_logo-bcc03d38158e5e605064979cdc4193a3 flex_column no_margin av_one_fourth real-thumbnail post-entry slide-entry-overview slide-loop-2 slide-parity-even  '><span class='av-partner-fake-img' style='padding-bottom:100%; background-image:url(https:\/\/vicolli.com\/wp-content\/uploads\/2017\/02\/logosquare-gravity-mini.jpg);'><\/span><\/div><div  class='slide-entry av-av_partner_logo-adb27439c959fb97483d84118b1a8ed2 flex_column no_margin av_one_fourth real-thumbnail post-entry slide-entry-overview slide-loop-3 slide-parity-odd  '><span class='av-partner-fake-img' style='padding-bottom:100%; background-image:url(https:\/\/vicolli.com\/wp-content\/uploads\/2017\/02\/logosquare-layer-mini.jpg);'><\/span><\/div><div  class='slide-entry av-av_partner_logo-6de377621d37cab5d963b5a3ce668a0f flex_column no_margin av_one_fourth real-thumbnail post-entry slide-entry-overview slide-loop-4 slide-parity-even  '><span class='av-partner-fake-img' style='padding-bottom:100%; background-image:url(https:\/\/vicolli.com\/wp-content\/uploads\/2017\/02\/logosquare-events-mini.jpg);'><\/span><\/div><\/div><div class=\"slide-entry-wrap\"><div  class='slide-entry av-av_partner_logo-046a7147f8690fb8766edd4014c24480 flex_column no_margin av_one_fourth real-thumbnail post-entry slide-entry-overview slide-loop-5 slide-parity-odd  first'><span class='av-partner-fake-img' style='padding-bottom:100%; background-image:url(https:\/\/vicolli.com\/wp-content\/uploads\/2017\/02\/logosquare-bbpress-mini.jpg);'><\/span><\/div><div  class='slide-entry av-av_partner_logo-7dd2c409b233d5b4ccae21324bb09ea0 flex_column no_margin av_one_fourth real-thumbnail post-entry slide-entry-overview slide-loop-6 slide-parity-even  '><span class='av-partner-fake-img' style='padding-bottom:100%; background-image:url(https:\/\/vicolli.com\/wp-content\/uploads\/2017\/02\/logosquare-rev-mini.jpg);'><\/span><\/div><div  class='slide-entry av-av_partner_logo-71ec664203ba720261987a387625963e flex_column no_margin av_one_fourth real-thumbnail post-entry slide-entry-overview slide-loop-7 slide-parity-odd post-entry-last '><span class='av-partner-fake-img' style='padding-bottom:100%; background-image:url(https:\/\/vicolli.com\/wp-content\/uploads\/2017\/02\/logosquare-wpml-mini.jpg);'><\/span><\/div><\/div><\/div><\/div><\/div><div  class='hr av-av_hr-4c74109ae779ebead0f66c0b8b3b9bb5 hr-full  avia-builder-el-6  el_after_av_one_half  avia-builder-el-last  hr-no-shadow'><span class='hr-inner '><span class=\"hr-inner-style\"><\/span><\/span><\/div>\n","protected":false},"excerpt":{"rendered":"","protected":false},"author":1,"featured_media":0,"parent":606,"menu_order":0,"comment_status":"closed","ping_status":"closed","template":"","meta":{"footnotes":""},"class_list":["post-1407","page","type-page","status-publish","hentry"],"yoast_head":"<!-- This site is optimized with the Yoast SEO plugin v26.5 - https:\/\/yoast.com\/wordpress\/plugins\/seo\/ -->\n<title>Partner\/Logo Element - Vicolli - Yaz\u0131l\u0131m &amp; Tasar\u0131m<\/title>\n<meta name=\"robots\" content=\"index, follow, max-snippet:-1, max-image-preview:large, max-video-preview:-1\" \/>\n<link rel=\"canonical\" href=\"https:\/\/vicolli.com\/?page_id=1407\" \/>\n<meta property=\"og:locale\" content=\"tr_TR\" \/>\n<meta property=\"og:type\" content=\"article\" \/>\n<meta property=\"og:title\" content=\"Partner\/Logo Element - Vicolli - Yaz\u0131l\u0131m &amp; Tasar\u0131m\" \/>\n<meta property=\"og:url\" content=\"https:\/\/vicolli.com\/?page_id=1407\" \/>\n<meta property=\"og:site_name\" content=\"Vicolli - Yaz\u0131l\u0131m &amp; Tasar\u0131m\" \/>\n<meta name=\"twitter:card\" content=\"summary_large_image\" \/>\n<meta name=\"twitter:label1\" content=\"Tahmini okuma s\u00fcresi\" \/>\n\t<meta name=\"twitter:data1\" content=\"2 dakika\" \/>\n<script type=\"application\/ld+json\" class=\"yoast-schema-graph\">{\"@context\":\"https:\/\/schema.org\",\"@graph\":[{\"@type\":\"WebPage\",\"@id\":\"https:\/\/vicolli.com\/?page_id=1407\",\"url\":\"https:\/\/vicolli.com\/?page_id=1407\",\"name\":\"Partner\/Logo Element - Vicolli - Yaz\u0131l\u0131m &amp; Tasar\u0131m\",\"isPartOf\":{\"@id\":\"https:\/\/vicolli.com\/#website\"},\"datePublished\":\"2017-02-13T15:07:14+00:00\",\"breadcrumb\":{\"@id\":\"https:\/\/vicolli.com\/?page_id=1407#breadcrumb\"},\"inLanguage\":\"tr\",\"potentialAction\":[{\"@type\":\"ReadAction\",\"target\":[\"https:\/\/vicolli.com\/?page_id=1407\"]}]},{\"@type\":\"BreadcrumbList\",\"@id\":\"https:\/\/vicolli.com\/?page_id=1407#breadcrumb\",\"itemListElement\":[{\"@type\":\"ListItem\",\"position\":1,\"name\":\"Anasayfa\",\"item\":\"https:\/\/vicolli.com\/\"},{\"@type\":\"ListItem\",\"position\":2,\"name\":\"Elements\",\"item\":\"https:\/\/vicolli.com\/?page_id=606\"},{\"@type\":\"ListItem\",\"position\":3,\"name\":\"Partner\/Logo Element\"}]},{\"@type\":\"WebSite\",\"@id\":\"https:\/\/vicolli.com\/#website\",\"url\":\"https:\/\/vicolli.com\/\",\"name\":\"Vicolli - Yaz\u0131l\u0131m & Tasar\u0131m\",\"description\":\"Unlimited As Your Imagine\",\"publisher\":{\"@id\":\"https:\/\/vicolli.com\/#organization\"},\"potentialAction\":[{\"@type\":\"SearchAction\",\"target\":{\"@type\":\"EntryPoint\",\"urlTemplate\":\"https:\/\/vicolli.com\/?s={search_term_string}\"},\"query-input\":{\"@type\":\"PropertyValueSpecification\",\"valueRequired\":true,\"valueName\":\"search_term_string\"}}],\"inLanguage\":\"tr\"},{\"@type\":\"Organization\",\"@id\":\"https:\/\/vicolli.com\/#organization\",\"name\":\"Vicolli - Yaz\u0131l\u0131m & Tasar\u0131m\",\"url\":\"https:\/\/vicolli.com\/\",\"logo\":{\"@type\":\"ImageObject\",\"inLanguage\":\"tr\",\"@id\":\"https:\/\/vicolli.com\/#\/schema\/logo\/image\/\",\"url\":\"https:\/\/vicolli.com\/wp-content\/uploads\/2022\/11\/dikdortgen.png\",\"contentUrl\":\"https:\/\/vicolli.com\/wp-content\/uploads\/2022\/11\/dikdortgen.png\",\"width\":2205,\"height\":735,\"caption\":\"Vicolli - Yaz\u0131l\u0131m & Tasar\u0131m\"},\"image\":{\"@id\":\"https:\/\/vicolli.com\/#\/schema\/logo\/image\/\"}}]}<\/script>\n<!-- \/ Yoast SEO plugin. -->","yoast_head_json":{"title":"Partner\/Logo Element - Vicolli - Yaz\u0131l\u0131m &amp; Tasar\u0131m","robots":{"index":"index","follow":"follow","max-snippet":"max-snippet:-1","max-image-preview":"max-image-preview:large","max-video-preview":"max-video-preview:-1"},"canonical":"https:\/\/vicolli.com\/?page_id=1407","og_locale":"tr_TR","og_type":"article","og_title":"Partner\/Logo Element - Vicolli - Yaz\u0131l\u0131m &amp; Tasar\u0131m","og_url":"https:\/\/vicolli.com\/?page_id=1407","og_site_name":"Vicolli - Yaz\u0131l\u0131m &amp; Tasar\u0131m","twitter_card":"summary_large_image","twitter_misc":{"Tahmini okuma s\u00fcresi":"2 dakika"},"schema":{"@context":"https:\/\/schema.org","@graph":[{"@type":"WebPage","@id":"https:\/\/vicolli.com\/?page_id=1407","url":"https:\/\/vicolli.com\/?page_id=1407","name":"Partner\/Logo Element - Vicolli - Yaz\u0131l\u0131m &amp; Tasar\u0131m","isPartOf":{"@id":"https:\/\/vicolli.com\/#website"},"datePublished":"2017-02-13T15:07:14+00:00","breadcrumb":{"@id":"https:\/\/vicolli.com\/?page_id=1407#breadcrumb"},"inLanguage":"tr","potentialAction":[{"@type":"ReadAction","target":["https:\/\/vicolli.com\/?page_id=1407"]}]},{"@type":"BreadcrumbList","@id":"https:\/\/vicolli.com\/?page_id=1407#breadcrumb","itemListElement":[{"@type":"ListItem","position":1,"name":"Anasayfa","item":"https:\/\/vicolli.com\/"},{"@type":"ListItem","position":2,"name":"Elements","item":"https:\/\/vicolli.com\/?page_id=606"},{"@type":"ListItem","position":3,"name":"Partner\/Logo Element"}]},{"@type":"WebSite","@id":"https:\/\/vicolli.com\/#website","url":"https:\/\/vicolli.com\/","name":"Vicolli - Yaz\u0131l\u0131m & Tasar\u0131m","description":"Unlimited As Your Imagine","publisher":{"@id":"https:\/\/vicolli.com\/#organization"},"potentialAction":[{"@type":"SearchAction","target":{"@type":"EntryPoint","urlTemplate":"https:\/\/vicolli.com\/?s={search_term_string}"},"query-input":{"@type":"PropertyValueSpecification","valueRequired":true,"valueName":"search_term_string"}}],"inLanguage":"tr"},{"@type":"Organization","@id":"https:\/\/vicolli.com\/#organization","name":"Vicolli - Yaz\u0131l\u0131m & Tasar\u0131m","url":"https:\/\/vicolli.com\/","logo":{"@type":"ImageObject","inLanguage":"tr","@id":"https:\/\/vicolli.com\/#\/schema\/logo\/image\/","url":"https:\/\/vicolli.com\/wp-content\/uploads\/2022\/11\/dikdortgen.png","contentUrl":"https:\/\/vicolli.com\/wp-content\/uploads\/2022\/11\/dikdortgen.png","width":2205,"height":735,"caption":"Vicolli - Yaz\u0131l\u0131m & Tasar\u0131m"},"image":{"@id":"https:\/\/vicolli.com\/#\/schema\/logo\/image\/"}}]}},"_links":{"self":[{"href":"https:\/\/vicolli.com\/index.php?rest_route=\/wp\/v2\/pages\/1407","targetHints":{"allow":["GET"]}}],"collection":[{"href":"https:\/\/vicolli.com\/index.php?rest_route=\/wp\/v2\/pages"}],"about":[{"href":"https:\/\/vicolli.com\/index.php?rest_route=\/wp\/v2\/types\/page"}],"author":[{"embeddable":true,"href":"https:\/\/vicolli.com\/index.php?rest_route=\/wp\/v2\/users\/1"}],"replies":[{"embeddable":true,"href":"https:\/\/vicolli.com\/index.php?rest_route=%2Fwp%2Fv2%2Fcomments&post=1407"}],"version-history":[{"count":0,"href":"https:\/\/vicolli.com\/index.php?rest_route=\/wp\/v2\/pages\/1407\/revisions"}],"up":[{"embeddable":true,"href":"https:\/\/vicolli.com\/index.php?rest_route=\/wp\/v2\/pages\/606"}],"wp:attachment":[{"href":"https:\/\/vicolli.com\/index.php?rest_route=%2Fwp%2Fv2%2Fmedia&parent=1407"}],"curies":[{"name":"wp","href":"https:\/\/api.w.org\/{rel}","templated":true}]}}