{"id":1376,"date":"2017-02-13T15:04:24","date_gmt":"2017-02-13T15:04:24","guid":{"rendered":"http:\/\/test.kriesi.at\/enfold-2017\/?page_id=1376"},"modified":"2017-02-13T15:04:24","modified_gmt":"2017-02-13T15:04:24","slug":"comments","status":"publish","type":"page","link":"https:\/\/vicolli.com\/?page_id=1376","title":{"rendered":"Comments"},"content":{"rendered":"\n<style type=\"text\/css\" data-created_by=\"avia_inline_auto\" id=\"style-css-av-av_heading-7ab0c5fab2b231d52036c951d00f822d\">\n#top .av-special-heading.av-av_heading-7ab0c5fab2b231d52036c951d00f822d{\npadding-bottom:15px;\ncolor:#000000;\nfont-size:40px;\n}\nbody .av-special-heading.av-av_heading-7ab0c5fab2b231d52036c951d00f822d .av-special-heading-tag .heading-char{\nfont-size:25px;\n}\n#top #wrap_all .av-special-heading.av-av_heading-7ab0c5fab2b231d52036c951d00f822d .av-special-heading-tag{\nfont-size:40px;\n}\n.av-special-heading.av-av_heading-7ab0c5fab2b231d52036c951d00f822d .special-heading-inner-border{\nborder-color:#000000;\n}\n.av-special-heading.av-av_heading-7ab0c5fab2b231d52036c951d00f822d .av-subheading{\nfont-size:15px;\n}\n\n@media only screen and (min-width: 480px) and (max-width: 767px){ \n#top #wrap_all .av-special-heading.av-av_heading-7ab0c5fab2b231d52036c951d00f822d .av-special-heading-tag{\nfont-size:0.8em;\n}\n}\n\n@media only screen and (max-width: 479px){ \n#top #wrap_all .av-special-heading.av-av_heading-7ab0c5fab2b231d52036c951d00f822d .av-special-heading-tag{\nfont-size:0.8em;\n}\n}\n<\/style>\n<div  class='av-special-heading av-av_heading-7ab0c5fab2b231d52036c951d00f822d av-special-heading-h1 custom-color-heading blockquote modern-quote  avia-builder-el-0  el_before_av_textblock  avia-builder-el-first  av-inherit-size'><h1 id=\"comments-element\" class='av-special-heading-tag'  itemprop=\"headline\"  >Comments Element<\/h1><div class=\"special-heading-border\"><div class=\"special-heading-inner-border\"><\/div><\/div><\/div>\n<section  class='av_textblock_section av-av_textblock-396ddf1f42196ca838231e61a4602801'  itemscope=\"itemscope\" itemtype=\"https:\/\/schema.org\/CreativeWork\" ><div class='avia_textblock'  itemprop=\"text\" ><p>You can use the comments element to display the\u00a0comment form from the current post or page. This is useful, if you want to design single blog entries with the advanced layout editor.<\/p>\n<\/div><\/section>\n\n<style type=\"text\/css\" data-created_by=\"avia_inline_auto\" id=\"style-css-av-av_hr-4474f20d2389e2e5ecf918a02da5132e\">\n#top .hr.hr-invisible.av-av_hr-4474f20d2389e2e5ecf918a02da5132e{\nheight:50px;\n}\n<\/style>\n<div  class='hr av-av_hr-4474f20d2389e2e5ecf918a02da5132e hr-invisible  avia-builder-el-2  el_after_av_textblock  el_before_av_comments_list '><span class='hr-inner '><span class=\"hr-inner-style\"><\/span><\/span><\/div>\n<div  class='av-buildercomment av-av_comments_list-56c66b2695468e12d3120bc7169a9873  av-blog-meta-html-info-disabled'><\/div>\n","protected":false},"excerpt":{"rendered":"","protected":false},"author":1,"featured_media":0,"parent":606,"menu_order":0,"comment_status":"closed","ping_status":"closed","template":"","meta":{"footnotes":""},"class_list":["post-1376","page","type-page","status-publish","hentry"],"yoast_head":"<!-- This site is optimized with the Yoast SEO plugin v26.5 - https:\/\/yoast.com\/wordpress\/plugins\/seo\/ -->\n<title>Comments - Vicolli - Yaz\u0131l\u0131m &amp; Tasar\u0131m<\/title>\n<meta name=\"robots\" content=\"index, follow, max-snippet:-1, max-image-preview:large, max-video-preview:-1\" \/>\n<link rel=\"canonical\" href=\"https:\/\/vicolli.com\/?page_id=1376\" \/>\n<meta property=\"og:locale\" content=\"tr_TR\" \/>\n<meta property=\"og:type\" content=\"article\" \/>\n<meta property=\"og:title\" content=\"Comments - Vicolli - Yaz\u0131l\u0131m &amp; Tasar\u0131m\" \/>\n<meta property=\"og:url\" content=\"https:\/\/vicolli.com\/?page_id=1376\" \/>\n<meta property=\"og:site_name\" content=\"Vicolli - Yaz\u0131l\u0131m &amp; Tasar\u0131m\" \/>\n<meta name=\"twitter:card\" content=\"summary_large_image\" \/>\n<meta name=\"twitter:label1\" content=\"Tahmini okuma s\u00fcresi\" \/>\n\t<meta name=\"twitter:data1\" content=\"1 dakika\" \/>\n<script type=\"application\/ld+json\" class=\"yoast-schema-graph\">{\"@context\":\"https:\/\/schema.org\",\"@graph\":[{\"@type\":\"WebPage\",\"@id\":\"https:\/\/vicolli.com\/?page_id=1376\",\"url\":\"https:\/\/vicolli.com\/?page_id=1376\",\"name\":\"Comments - Vicolli - Yaz\u0131l\u0131m &amp; Tasar\u0131m\",\"isPartOf\":{\"@id\":\"https:\/\/vicolli.com\/#website\"},\"datePublished\":\"2017-02-13T15:04:24+00:00\",\"breadcrumb\":{\"@id\":\"https:\/\/vicolli.com\/?page_id=1376#breadcrumb\"},\"inLanguage\":\"tr\",\"potentialAction\":[{\"@type\":\"ReadAction\",\"target\":[\"https:\/\/vicolli.com\/?page_id=1376\"]}]},{\"@type\":\"BreadcrumbList\",\"@id\":\"https:\/\/vicolli.com\/?page_id=1376#breadcrumb\",\"itemListElement\":[{\"@type\":\"ListItem\",\"position\":1,\"name\":\"Anasayfa\",\"item\":\"https:\/\/vicolli.com\/\"},{\"@type\":\"ListItem\",\"position\":2,\"name\":\"Elements\",\"item\":\"https:\/\/vicolli.com\/?page_id=606\"},{\"@type\":\"ListItem\",\"position\":3,\"name\":\"Comments\"}]},{\"@type\":\"WebSite\",\"@id\":\"https:\/\/vicolli.com\/#website\",\"url\":\"https:\/\/vicolli.com\/\",\"name\":\"Vicolli - Yaz\u0131l\u0131m & Tasar\u0131m\",\"description\":\"Unlimited As Your Imagine\",\"publisher\":{\"@id\":\"https:\/\/vicolli.com\/#organization\"},\"potentialAction\":[{\"@type\":\"SearchAction\",\"target\":{\"@type\":\"EntryPoint\",\"urlTemplate\":\"https:\/\/vicolli.com\/?s={search_term_string}\"},\"query-input\":{\"@type\":\"PropertyValueSpecification\",\"valueRequired\":true,\"valueName\":\"search_term_string\"}}],\"inLanguage\":\"tr\"},{\"@type\":\"Organization\",\"@id\":\"https:\/\/vicolli.com\/#organization\",\"name\":\"Vicolli - Yaz\u0131l\u0131m & Tasar\u0131m\",\"url\":\"https:\/\/vicolli.com\/\",\"logo\":{\"@type\":\"ImageObject\",\"inLanguage\":\"tr\",\"@id\":\"https:\/\/vicolli.com\/#\/schema\/logo\/image\/\",\"url\":\"https:\/\/vicolli.com\/wp-content\/uploads\/2022\/11\/dikdortgen.png\",\"contentUrl\":\"https:\/\/vicolli.com\/wp-content\/uploads\/2022\/11\/dikdortgen.png\",\"width\":2205,\"height\":735,\"caption\":\"Vicolli - Yaz\u0131l\u0131m & Tasar\u0131m\"},\"image\":{\"@id\":\"https:\/\/vicolli.com\/#\/schema\/logo\/image\/\"}}]}<\/script>\n<!-- \/ Yoast SEO plugin. -->","yoast_head_json":{"title":"Comments - Vicolli - Yaz\u0131l\u0131m &amp; Tasar\u0131m","robots":{"index":"index","follow":"follow","max-snippet":"max-snippet:-1","max-image-preview":"max-image-preview:large","max-video-preview":"max-video-preview:-1"},"canonical":"https:\/\/vicolli.com\/?page_id=1376","og_locale":"tr_TR","og_type":"article","og_title":"Comments - Vicolli - Yaz\u0131l\u0131m &amp; Tasar\u0131m","og_url":"https:\/\/vicolli.com\/?page_id=1376","og_site_name":"Vicolli - Yaz\u0131l\u0131m &amp; Tasar\u0131m","twitter_card":"summary_large_image","twitter_misc":{"Tahmini okuma s\u00fcresi":"1 dakika"},"schema":{"@context":"https:\/\/schema.org","@graph":[{"@type":"WebPage","@id":"https:\/\/vicolli.com\/?page_id=1376","url":"https:\/\/vicolli.com\/?page_id=1376","name":"Comments - Vicolli - Yaz\u0131l\u0131m &amp; Tasar\u0131m","isPartOf":{"@id":"https:\/\/vicolli.com\/#website"},"datePublished":"2017-02-13T15:04:24+00:00","breadcrumb":{"@id":"https:\/\/vicolli.com\/?page_id=1376#breadcrumb"},"inLanguage":"tr","potentialAction":[{"@type":"ReadAction","target":["https:\/\/vicolli.com\/?page_id=1376"]}]},{"@type":"BreadcrumbList","@id":"https:\/\/vicolli.com\/?page_id=1376#breadcrumb","itemListElement":[{"@type":"ListItem","position":1,"name":"Anasayfa","item":"https:\/\/vicolli.com\/"},{"@type":"ListItem","position":2,"name":"Elements","item":"https:\/\/vicolli.com\/?page_id=606"},{"@type":"ListItem","position":3,"name":"Comments"}]},{"@type":"WebSite","@id":"https:\/\/vicolli.com\/#website","url":"https:\/\/vicolli.com\/","name":"Vicolli - Yaz\u0131l\u0131m & Tasar\u0131m","description":"Unlimited As Your Imagine","publisher":{"@id":"https:\/\/vicolli.com\/#organization"},"potentialAction":[{"@type":"SearchAction","target":{"@type":"EntryPoint","urlTemplate":"https:\/\/vicolli.com\/?s={search_term_string}"},"query-input":{"@type":"PropertyValueSpecification","valueRequired":true,"valueName":"search_term_string"}}],"inLanguage":"tr"},{"@type":"Organization","@id":"https:\/\/vicolli.com\/#organization","name":"Vicolli - Yaz\u0131l\u0131m & Tasar\u0131m","url":"https:\/\/vicolli.com\/","logo":{"@type":"ImageObject","inLanguage":"tr","@id":"https:\/\/vicolli.com\/#\/schema\/logo\/image\/","url":"https:\/\/vicolli.com\/wp-content\/uploads\/2022\/11\/dikdortgen.png","contentUrl":"https:\/\/vicolli.com\/wp-content\/uploads\/2022\/11\/dikdortgen.png","width":2205,"height":735,"caption":"Vicolli - Yaz\u0131l\u0131m & Tasar\u0131m"},"image":{"@id":"https:\/\/vicolli.com\/#\/schema\/logo\/image\/"}}]}},"_links":{"self":[{"href":"https:\/\/vicolli.com\/index.php?rest_route=\/wp\/v2\/pages\/1376","targetHints":{"allow":["GET"]}}],"collection":[{"href":"https:\/\/vicolli.com\/index.php?rest_route=\/wp\/v2\/pages"}],"about":[{"href":"https:\/\/vicolli.com\/index.php?rest_route=\/wp\/v2\/types\/page"}],"author":[{"embeddable":true,"href":"https:\/\/vicolli.com\/index.php?rest_route=\/wp\/v2\/users\/1"}],"replies":[{"embeddable":true,"href":"https:\/\/vicolli.com\/index.php?rest_route=%2Fwp%2Fv2%2Fcomments&post=1376"}],"version-history":[{"count":0,"href":"https:\/\/vicolli.com\/index.php?rest_route=\/wp\/v2\/pages\/1376\/revisions"}],"up":[{"embeddable":true,"href":"https:\/\/vicolli.com\/index.php?rest_route=\/wp\/v2\/pages\/606"}],"wp:attachment":[{"href":"https:\/\/vicolli.com\/index.php?rest_route=%2Fwp%2Fv2%2Fmedia&parent=1376"}],"curies":[{"name":"wp","href":"https:\/\/api.w.org\/{rel}","templated":true}]}}