{"id":1370,"date":"2017-02-13T15:02:48","date_gmt":"2017-02-13T15:02:48","guid":{"rendered":"http:\/\/test.kriesi.at\/enfold-2017\/?page_id=1370"},"modified":"2017-02-13T15:02:48","modified_gmt":"2017-02-13T15:02:48","slug":"animated-countdown","status":"publish","type":"page","link":"https:\/\/vicolli.com\/?page_id=1370","title":{"rendered":"Animated Countdown"},"content":{"rendered":"\n<style type=\"text\/css\" data-created_by=\"avia_inline_auto\" id=\"style-css-av-av_section-764828751b83a451cb7c11c0d1803b50\">\n.avia-section.av-av_section-764828751b83a451cb7c11c0d1803b50{\nbackground-repeat:no-repeat;\nbackground-image:url(https:\/\/vicolli.com\/wp-content\/uploads\/2017\/02\/business-office-work-blurred.jpg);\nbackground-position:0% 0%;\nbackground-attachment:scroll;\n}\n.avia-section.av-av_section-764828751b83a451cb7c11c0d1803b50 .av-section-color-overlay{\nopacity:0.8;\nbackground-color:#000000;\n}\n<\/style>\n<div id='av_section_1'  class='avia-section av-av_section-764828751b83a451cb7c11c0d1803b50 main_color avia-section-default avia-no-shadow  avia-builder-el-0  el_before_av_heading  avia-builder-el-first  avia-bg-style-scroll av-section-color-overlay-active container_wrap sidebar_right'  data-section-bg-repeat='no-repeat'><div class=\"av-section-color-overlay-wrap\"><div class=\"av-section-color-overlay\"><\/div><div class='container av-section-cont-open' ><main  role=\"main\" itemprop=\"mainContentOfPage\"  class='template-page content  av-content-small alpha units'><div class='post-entry post-entry-type-page post-entry-1370'><div class='entry-content-wrapper clearfix'>\n\n<style type=\"text\/css\" data-created_by=\"avia_inline_auto\" id=\"style-css-av-av_one_full-f6f6205800841573480f21cd29ac5742\">\n.flex_column.av-av_one_full-f6f6205800841573480f21cd29ac5742{\n-webkit-border-radius:0px 0px 0px 0px;\n-moz-border-radius:0px 0px 0px 0px;\nborder-radius:0px 0px 0px 0px;\npadding:100px 100px 100px 100px;\n}\n<\/style>\n<div class='flex_column av-av_one_full-f6f6205800841573480f21cd29ac5742 av_one_full  avia-builder-el-1  avia-builder-el-no-sibling  first flex_column_div '     ><div  class='av-countdown-timer av-av_countdown-8dfd7c3ab0233214f02fdd1b85af302f av-align-center av-trans-light-style  avia-builder-el-2  avia-builder-el-no-sibling '  data-year=' 2019' data-month='1' data-day=' 02 ' data-hour='12' data-minute='0' data-timezone='0' data-interval='1000' data-maximum='5' ><span class='av-countdown-timer-inner'><span class='av-countdown-cell av-countdown-weeks'><span class='av-countdown-cell-inner'><span class='av-countdown-time' data-upate-width='weeks'>0<\/span><span class='av-countdown-time-label' data-label='Hafta' data-label-multi='Weeks'>Weeks<\/span><\/span><\/span><span class='av-countdown-cell av-countdown-days'><span class='av-countdown-cell-inner'><span class='av-countdown-time' data-upate-width='days'>0<\/span><span class='av-countdown-time-label' data-label='G\u00fcn' data-label-multi='Days'>Days<\/span><\/span><\/span><span class='av-countdown-cell av-countdown-hours'><span class='av-countdown-cell-inner'><span class='av-countdown-time' data-upate-width='hours'>0<\/span><span class='av-countdown-time-label' data-label='Saat' data-label-multi='Hours'>Hours<\/span><\/span><\/span><span class='av-countdown-cell av-countdown-minutes'><span class='av-countdown-cell-inner'><span class='av-countdown-time' data-upate-width='minutes'>0<\/span><span class='av-countdown-time-label' data-label='Dakika' data-label-multi='Minutes'>Minutes<\/span><\/span><\/span><span class='av-countdown-cell av-countdown-seconds'><span class='av-countdown-cell-inner'><span class='av-countdown-time' data-upate-width='seconds'>0<\/span><span class='av-countdown-time-label' data-label='Saniye' data-label-multi='Seconds'>Seconds<\/span><\/span><\/span><\/span><\/div><\/div>\n<\/div><\/div><\/main><!-- close content main element --><\/div><\/div><\/div><div id='after_section_1'  class='main_color av_default_container_wrap container_wrap sidebar_right'  ><div class='container av-section-cont-open' ><div class='template-page content  av-content-small alpha units'><div class='post-entry post-entry-type-page post-entry-1370'><div class='entry-content-wrapper clearfix'>\n\n<style type=\"text\/css\" data-created_by=\"avia_inline_auto\" id=\"style-css-av-av_heading-451a4e9d5fccecb7421761daa510f27e\">\n#top .av-special-heading.av-av_heading-451a4e9d5fccecb7421761daa510f27e{\npadding-bottom:0;\ncolor:#000000;\nfont-size:40px;\n}\nbody .av-special-heading.av-av_heading-451a4e9d5fccecb7421761daa510f27e .av-special-heading-tag .heading-char{\nfont-size:25px;\n}\n#top #wrap_all .av-special-heading.av-av_heading-451a4e9d5fccecb7421761daa510f27e .av-special-heading-tag{\nfont-size:40px;\n}\n.av-special-heading.av-av_heading-451a4e9d5fccecb7421761daa510f27e .special-heading-inner-border{\nborder-color:#000000;\n}\n.av-special-heading.av-av_heading-451a4e9d5fccecb7421761daa510f27e .av-subheading{\nfont-size:15px;\n}\n\n@media only screen and (min-width: 480px) and (max-width: 767px){ \n#top #wrap_all .av-special-heading.av-av_heading-451a4e9d5fccecb7421761daa510f27e .av-special-heading-tag{\nfont-size:0.8em;\n}\n}\n\n@media only screen and (max-width: 479px){ \n#top #wrap_all .av-special-heading.av-av_heading-451a4e9d5fccecb7421761daa510f27e .av-special-heading-tag{\nfont-size:0.8em;\n}\n}\n<\/style>\n<div  class='av-special-heading av-av_heading-451a4e9d5fccecb7421761daa510f27e av-special-heading-h1 custom-color-heading blockquote modern-quote  avia-builder-el-3  el_after_av_section  el_before_av_textblock  avia-builder-el-first  av-inherit-size'><h1 id=\"animated-countdown\" class='av-special-heading-tag'  itemprop=\"headline\"  >Animated Countdown<\/h1><div class=\"special-heading-border\"><div class=\"special-heading-inner-border\"><\/div><\/div><\/div>\n<section  class='av_textblock_section av-av_textblock-396ddf1f42196ca838231e61a4602801'  itemscope=\"itemscope\" itemtype=\"https:\/\/schema.org\/CreativeWork\" ><div class='avia_textblock'  itemprop=\"text\" ><p>The animated countdown allows you to set a date in the future and display a block of numbers that is counting down each second, minute or hour.<\/p>\n<\/div><\/section>\n<div  class='av-countdown-timer av-av_countdown-cae9d5e52122d735509f1330acfdd4df av-align-center av-default-style  avia-builder-el-5  el_after_av_textblock  el_before_av_textblock '  data-year=' 2019' data-month='1' data-day=' 02 ' data-hour='12' data-minute='0' data-timezone='0' data-interval='1000' data-maximum='5' ><span class='av-countdown-timer-inner'><span class='av-countdown-cell av-countdown-weeks'><span class='av-countdown-cell-inner'><span class='av-countdown-time' data-upate-width='weeks'>0<\/span><span class='av-countdown-time-label' data-label='Hafta' data-label-multi='Weeks'>Weeks<\/span><\/span><\/span><span class='av-countdown-cell av-countdown-days'><span class='av-countdown-cell-inner'><span class='av-countdown-time' data-upate-width='days'>0<\/span><span class='av-countdown-time-label' data-label='G\u00fcn' data-label-multi='Days'>Days<\/span><\/span><\/span><span class='av-countdown-cell av-countdown-hours'><span class='av-countdown-cell-inner'><span class='av-countdown-time' data-upate-width='hours'>0<\/span><span class='av-countdown-time-label' data-label='Saat' data-label-multi='Hours'>Hours<\/span><\/span><\/span><span class='av-countdown-cell av-countdown-minutes'><span class='av-countdown-cell-inner'><span class='av-countdown-time' data-upate-width='minutes'>0<\/span><span class='av-countdown-time-label' data-label='Dakika' data-label-multi='Minutes'>Minutes<\/span><\/span><\/span><span class='av-countdown-cell av-countdown-seconds'><span class='av-countdown-cell-inner'><span class='av-countdown-time' data-upate-width='seconds'>0<\/span><span class='av-countdown-time-label' data-label='Saniye' data-label-multi='Seconds'>Seconds<\/span><\/span><\/span><\/span><\/div>\n<section  class='av_textblock_section av-av_textblock-396ddf1f42196ca838231e61a4602801'  itemscope=\"itemscope\" itemtype=\"https:\/\/schema.org\/CreativeWork\" ><div class='avia_textblock'  itemprop=\"text\" ><p>The element got several predefined styles that you can choose from such as a default style or transparent light or dark styles that work well when used above images or colourful content.<\/p>\n<\/div><\/section>\n<div  class='av-countdown-timer av-av_countdown-b610ae49343ab066eb0a59c2c32dea36 av-align-center av-trans-dark-style  avia-builder-el-7  el_after_av_textblock  el_before_av_textblock '  data-year=' 2019' data-month='1' data-day=' 02 ' data-hour='12' data-minute='0' data-timezone='0' data-interval='1000' data-maximum='4' ><span class='av-countdown-timer-inner'><span class='av-countdown-cell av-countdown-days'><span class='av-countdown-cell-inner'><span class='av-countdown-time' data-upate-width='days'>0<\/span><span class='av-countdown-time-label' data-label='G\u00fcn' data-label-multi='Days'>Days<\/span><\/span><\/span><span class='av-countdown-cell av-countdown-hours'><span class='av-countdown-cell-inner'><span class='av-countdown-time' data-upate-width='hours'>0<\/span><span class='av-countdown-time-label' data-label='Saat' data-label-multi='Hours'>Hours<\/span><\/span><\/span><span class='av-countdown-cell av-countdown-minutes'><span class='av-countdown-cell-inner'><span class='av-countdown-time' data-upate-width='minutes'>0<\/span><span class='av-countdown-time-label' data-label='Dakika' data-label-multi='Minutes'>Minutes<\/span><\/span><\/span><span class='av-countdown-cell av-countdown-seconds'><span class='av-countdown-cell-inner'><span class='av-countdown-time' data-upate-width='seconds'>0<\/span><span class='av-countdown-time-label' data-label='Saniye' data-label-multi='Seconds'>Seconds<\/span><\/span><\/span><\/span><\/div>\n<section  class='av_textblock_section av-av_textblock-396ddf1f42196ca838231e61a4602801'  itemscope=\"itemscope\" itemtype=\"https:\/\/schema.org\/CreativeWork\" ><div class='avia_textblock'  itemprop=\"text\" ><p>Below you can see a countdown element inside a content column with a light blue background. The countdown is set to display as white and transparent.<\/p>\n<\/div><\/section>\n\n<style type=\"text\/css\" data-created_by=\"avia_inline_auto\" id=\"style-css-av-av_one_full-3c03d30794ce21f5c41652571fcc2e26\">\n#top .flex_column.av-av_one_full-3c03d30794ce21f5c41652571fcc2e26{\nmargin-top:0px;\nmargin-bottom:0px;\n}\n.flex_column.av-av_one_full-3c03d30794ce21f5c41652571fcc2e26{\n-webkit-border-radius:0px 0px 0px 0px;\n-moz-border-radius:0px 0px 0px 0px;\nborder-radius:0px 0px 0px 0px;\npadding:100px 100px 100px 100px;\nbackground-color:#9cc2df;\n}\n.responsive #top #wrap_all .flex_column.av-av_one_full-3c03d30794ce21f5c41652571fcc2e26{\nmargin-top:0px;\nmargin-bottom:0px;\n}\n<\/style>\n<div class='flex_column av-av_one_full-3c03d30794ce21f5c41652571fcc2e26 av_one_full  avia-builder-el-9  el_after_av_textblock  avia-builder-el-last  first flex_column_div avia-full-stretch column-top-margin'     ><div  class='av-countdown-timer av-av_countdown-cd085ec6d03ca0984bc0256bb6ee52e0 av-align-center av-trans-light-style  avia-builder-el-10  avia-builder-el-no-sibling '  data-year=' 2019' data-month='1' data-day=' 02 ' data-hour='12' data-minute='0' data-timezone='0' data-interval='60000' data-maximum='4' ><span class='av-countdown-timer-inner'><span class='av-countdown-cell av-countdown-days'><span class='av-countdown-cell-inner'><span class='av-countdown-time' data-upate-width='days'>0<\/span><span class='av-countdown-time-label' data-label='G\u00fcn' data-label-multi='Days'>Days<\/span><\/span><\/span><span class='av-countdown-cell av-countdown-hours'><span class='av-countdown-cell-inner'><span class='av-countdown-time' data-upate-width='hours'>0<\/span><span class='av-countdown-time-label' data-label='Saat' data-label-multi='Hours'>Hours<\/span><\/span><\/span><span class='av-countdown-cell av-countdown-minutes'><span class='av-countdown-cell-inner'><span class='av-countdown-time' data-upate-width='minutes'>0<\/span><span class='av-countdown-time-label' data-label='Dakika' data-label-multi='Minutes'>Minutes<\/span><\/span><\/span><\/span><\/div><\/div>\n","protected":false},"excerpt":{"rendered":"","protected":false},"author":1,"featured_media":0,"parent":606,"menu_order":0,"comment_status":"closed","ping_status":"closed","template":"","meta":{"footnotes":""},"class_list":["post-1370","page","type-page","status-publish","hentry"],"yoast_head":"<!-- This site is optimized with the Yoast SEO plugin v26.5 - https:\/\/yoast.com\/wordpress\/plugins\/seo\/ -->\n<title>Animated Countdown - Vicolli - Yaz\u0131l\u0131m &amp; Tasar\u0131m<\/title>\n<meta name=\"robots\" content=\"index, follow, max-snippet:-1, max-image-preview:large, max-video-preview:-1\" \/>\n<link rel=\"canonical\" href=\"https:\/\/vicolli.com\/?page_id=1370\" \/>\n<meta property=\"og:locale\" content=\"tr_TR\" \/>\n<meta property=\"og:type\" content=\"article\" \/>\n<meta property=\"og:title\" content=\"Animated Countdown - Vicolli - Yaz\u0131l\u0131m &amp; Tasar\u0131m\" \/>\n<meta property=\"og:url\" content=\"https:\/\/vicolli.com\/?page_id=1370\" \/>\n<meta property=\"og:site_name\" content=\"Vicolli - Yaz\u0131l\u0131m &amp; Tasar\u0131m\" \/>\n<meta name=\"twitter:card\" content=\"summary_large_image\" \/>\n<meta name=\"twitter:label1\" content=\"Tahmini okuma s\u00fcresi\" \/>\n\t<meta name=\"twitter:data1\" content=\"3 dakika\" \/>\n<script type=\"application\/ld+json\" class=\"yoast-schema-graph\">{\"@context\":\"https:\/\/schema.org\",\"@graph\":[{\"@type\":\"WebPage\",\"@id\":\"https:\/\/vicolli.com\/?page_id=1370\",\"url\":\"https:\/\/vicolli.com\/?page_id=1370\",\"name\":\"Animated Countdown - Vicolli - Yaz\u0131l\u0131m &amp; Tasar\u0131m\",\"isPartOf\":{\"@id\":\"https:\/\/vicolli.com\/#website\"},\"datePublished\":\"2017-02-13T15:02:48+00:00\",\"breadcrumb\":{\"@id\":\"https:\/\/vicolli.com\/?page_id=1370#breadcrumb\"},\"inLanguage\":\"tr\",\"potentialAction\":[{\"@type\":\"ReadAction\",\"target\":[\"https:\/\/vicolli.com\/?page_id=1370\"]}]},{\"@type\":\"BreadcrumbList\",\"@id\":\"https:\/\/vicolli.com\/?page_id=1370#breadcrumb\",\"itemListElement\":[{\"@type\":\"ListItem\",\"position\":1,\"name\":\"Anasayfa\",\"item\":\"https:\/\/vicolli.com\/\"},{\"@type\":\"ListItem\",\"position\":2,\"name\":\"Elements\",\"item\":\"https:\/\/vicolli.com\/?page_id=606\"},{\"@type\":\"ListItem\",\"position\":3,\"name\":\"Animated Countdown\"}]},{\"@type\":\"WebSite\",\"@id\":\"https:\/\/vicolli.com\/#website\",\"url\":\"https:\/\/vicolli.com\/\",\"name\":\"Vicolli - Yaz\u0131l\u0131m & Tasar\u0131m\",\"description\":\"Unlimited As Your Imagine\",\"publisher\":{\"@id\":\"https:\/\/vicolli.com\/#organization\"},\"potentialAction\":[{\"@type\":\"SearchAction\",\"target\":{\"@type\":\"EntryPoint\",\"urlTemplate\":\"https:\/\/vicolli.com\/?s={search_term_string}\"},\"query-input\":{\"@type\":\"PropertyValueSpecification\",\"valueRequired\":true,\"valueName\":\"search_term_string\"}}],\"inLanguage\":\"tr\"},{\"@type\":\"Organization\",\"@id\":\"https:\/\/vicolli.com\/#organization\",\"name\":\"Vicolli - Yaz\u0131l\u0131m & Tasar\u0131m\",\"url\":\"https:\/\/vicolli.com\/\",\"logo\":{\"@type\":\"ImageObject\",\"inLanguage\":\"tr\",\"@id\":\"https:\/\/vicolli.com\/#\/schema\/logo\/image\/\",\"url\":\"https:\/\/vicolli.com\/wp-content\/uploads\/2022\/11\/dikdortgen.png\",\"contentUrl\":\"https:\/\/vicolli.com\/wp-content\/uploads\/2022\/11\/dikdortgen.png\",\"width\":2205,\"height\":735,\"caption\":\"Vicolli - Yaz\u0131l\u0131m & Tasar\u0131m\"},\"image\":{\"@id\":\"https:\/\/vicolli.com\/#\/schema\/logo\/image\/\"}}]}<\/script>\n<!-- \/ Yoast SEO plugin. -->","yoast_head_json":{"title":"Animated Countdown - Vicolli - Yaz\u0131l\u0131m &amp; Tasar\u0131m","robots":{"index":"index","follow":"follow","max-snippet":"max-snippet:-1","max-image-preview":"max-image-preview:large","max-video-preview":"max-video-preview:-1"},"canonical":"https:\/\/vicolli.com\/?page_id=1370","og_locale":"tr_TR","og_type":"article","og_title":"Animated Countdown - Vicolli - Yaz\u0131l\u0131m &amp; Tasar\u0131m","og_url":"https:\/\/vicolli.com\/?page_id=1370","og_site_name":"Vicolli - Yaz\u0131l\u0131m &amp; Tasar\u0131m","twitter_card":"summary_large_image","twitter_misc":{"Tahmini okuma s\u00fcresi":"3 dakika"},"schema":{"@context":"https:\/\/schema.org","@graph":[{"@type":"WebPage","@id":"https:\/\/vicolli.com\/?page_id=1370","url":"https:\/\/vicolli.com\/?page_id=1370","name":"Animated Countdown - Vicolli - Yaz\u0131l\u0131m &amp; Tasar\u0131m","isPartOf":{"@id":"https:\/\/vicolli.com\/#website"},"datePublished":"2017-02-13T15:02:48+00:00","breadcrumb":{"@id":"https:\/\/vicolli.com\/?page_id=1370#breadcrumb"},"inLanguage":"tr","potentialAction":[{"@type":"ReadAction","target":["https:\/\/vicolli.com\/?page_id=1370"]}]},{"@type":"BreadcrumbList","@id":"https:\/\/vicolli.com\/?page_id=1370#breadcrumb","itemListElement":[{"@type":"ListItem","position":1,"name":"Anasayfa","item":"https:\/\/vicolli.com\/"},{"@type":"ListItem","position":2,"name":"Elements","item":"https:\/\/vicolli.com\/?page_id=606"},{"@type":"ListItem","position":3,"name":"Animated Countdown"}]},{"@type":"WebSite","@id":"https:\/\/vicolli.com\/#website","url":"https:\/\/vicolli.com\/","name":"Vicolli - Yaz\u0131l\u0131m & Tasar\u0131m","description":"Unlimited As Your Imagine","publisher":{"@id":"https:\/\/vicolli.com\/#organization"},"potentialAction":[{"@type":"SearchAction","target":{"@type":"EntryPoint","urlTemplate":"https:\/\/vicolli.com\/?s={search_term_string}"},"query-input":{"@type":"PropertyValueSpecification","valueRequired":true,"valueName":"search_term_string"}}],"inLanguage":"tr"},{"@type":"Organization","@id":"https:\/\/vicolli.com\/#organization","name":"Vicolli - Yaz\u0131l\u0131m & Tasar\u0131m","url":"https:\/\/vicolli.com\/","logo":{"@type":"ImageObject","inLanguage":"tr","@id":"https:\/\/vicolli.com\/#\/schema\/logo\/image\/","url":"https:\/\/vicolli.com\/wp-content\/uploads\/2022\/11\/dikdortgen.png","contentUrl":"https:\/\/vicolli.com\/wp-content\/uploads\/2022\/11\/dikdortgen.png","width":2205,"height":735,"caption":"Vicolli - Yaz\u0131l\u0131m & Tasar\u0131m"},"image":{"@id":"https:\/\/vicolli.com\/#\/schema\/logo\/image\/"}}]}},"_links":{"self":[{"href":"https:\/\/vicolli.com\/index.php?rest_route=\/wp\/v2\/pages\/1370","targetHints":{"allow":["GET"]}}],"collection":[{"href":"https:\/\/vicolli.com\/index.php?rest_route=\/wp\/v2\/pages"}],"about":[{"href":"https:\/\/vicolli.com\/index.php?rest_route=\/wp\/v2\/types\/page"}],"author":[{"embeddable":true,"href":"https:\/\/vicolli.com\/index.php?rest_route=\/wp\/v2\/users\/1"}],"replies":[{"embeddable":true,"href":"https:\/\/vicolli.com\/index.php?rest_route=%2Fwp%2Fv2%2Fcomments&post=1370"}],"version-history":[{"count":0,"href":"https:\/\/vicolli.com\/index.php?rest_route=\/wp\/v2\/pages\/1370\/revisions"}],"up":[{"embeddable":true,"href":"https:\/\/vicolli.com\/index.php?rest_route=\/wp\/v2\/pages\/606"}],"wp:attachment":[{"href":"https:\/\/vicolli.com\/index.php?rest_route=%2Fwp%2Fv2%2Fmedia&parent=1370"}],"curies":[{"name":"wp","href":"https:\/\/api.w.org\/{rel}","templated":true}]}}