{"id":1349,"date":"2017-02-13T15:00:43","date_gmt":"2017-02-13T15:00:43","guid":{"rendered":"http:\/\/test.kriesi.at\/enfold-2017\/?page_id=1349"},"modified":"2017-02-13T15:00:43","modified_gmt":"2017-02-13T15:00:43","slug":"team-member","status":"publish","type":"page","link":"https:\/\/vicolli.com\/?page_id=1349","title":{"rendered":"Team Member"},"content":{"rendered":"\n<style type=\"text\/css\" data-created_by=\"avia_inline_auto\" id=\"style-css-av-av_heading-b47771d8d858de9255f04e9728ac7a15\">\n#top .av-special-heading.av-av_heading-b47771d8d858de9255f04e9728ac7a15{\npadding-bottom:15px;\ncolor:#000000;\nfont-size:40px;\n}\nbody .av-special-heading.av-av_heading-b47771d8d858de9255f04e9728ac7a15 .av-special-heading-tag .heading-char{\nfont-size:25px;\n}\n#top #wrap_all .av-special-heading.av-av_heading-b47771d8d858de9255f04e9728ac7a15 .av-special-heading-tag{\nfont-size:40px;\n}\n.av-special-heading.av-av_heading-b47771d8d858de9255f04e9728ac7a15 .special-heading-inner-border{\nborder-color:#000000;\n}\n.av-special-heading.av-av_heading-b47771d8d858de9255f04e9728ac7a15 .av-subheading{\nfont-size:15px;\n}\n\n@media only screen and (min-width: 480px) and (max-width: 767px){ \n#top #wrap_all .av-special-heading.av-av_heading-b47771d8d858de9255f04e9728ac7a15 .av-special-heading-tag{\nfont-size:0.8em;\n}\n}\n\n@media only screen and (max-width: 479px){ \n#top #wrap_all .av-special-heading.av-av_heading-b47771d8d858de9255f04e9728ac7a15 .av-special-heading-tag{\nfont-size:0.8em;\n}\n}\n<\/style>\n<div  class='av-special-heading av-av_heading-b47771d8d858de9255f04e9728ac7a15 av-special-heading-h1 custom-color-heading blockquote modern-quote  avia-builder-el-0  el_before_av_textblock  avia-builder-el-first  av-inherit-size'><h1 id=\"team-member-element\" class='av-special-heading-tag'  itemprop=\"headline\"  >Team Member Element<\/h1><div class=\"special-heading-border\"><div class=\"special-heading-inner-border\"><\/div><\/div><\/div>\n<section  class='av_textblock_section av-av_textblock-396ddf1f42196ca838231e61a4602801'  itemscope=\"itemscope\" itemtype=\"https:\/\/schema.org\/CreativeWork\" ><div class='avia_textblock'  itemprop=\"text\" ><p>This element allows you to display an image of a team member, along with a description and a few social links for each member you display<\/p>\n<\/div><\/section>\n\n<style type=\"text\/css\" data-created_by=\"avia_inline_auto\" id=\"style-css-av-av_hr-4474f20d2389e2e5ecf918a02da5132e\">\n#top .hr.hr-invisible.av-av_hr-4474f20d2389e2e5ecf918a02da5132e{\nheight:50px;\n}\n<\/style>\n<div  class='hr av-av_hr-4474f20d2389e2e5ecf918a02da5132e hr-invisible  avia-builder-el-2  el_after_av_textblock  el_before_av_one_full '><span class='hr-inner '><span class=\"hr-inner-style\"><\/span><\/span><\/div>\n<div class='flex_column av-av_one_full-2a9015ff38129c418a3f2eafba3e9512 av_one_full  avia-builder-el-3  el_after_av_hr  el_before_av_one_third  first flex_column_div '     ><section  class='avia-team-member av-av_team_member-f276985b146b5ead6e3aa2470247dd4b  avia-builder-el-4  avia-builder-el-no-sibling '  itemscope=\"itemscope\" itemtype=\"https:\/\/schema.org\/Person\" ><div class=\"team-img-container\"><img fetchpriority=\"high\" fetchpriority=\"high\" decoding=\"async\" class='wp-image-582 avia-img-lazy-loading-not-582 avia_image avia_image_team' src=\"https:\/\/vicolli.com\/wp-content\/uploads\/2015\/07\/business-support-1.jpg\" alt='John, Janna, Sarah, Max, Mikel'  itemprop=\"image\"   height=\"400\" width=\"1000\" srcset=\"https:\/\/vicolli.com\/wp-content\/uploads\/2015\/07\/business-support-1.jpg 1000w, https:\/\/vicolli.com\/wp-content\/uploads\/2015\/07\/business-support-1-300x120.jpg 300w, https:\/\/vicolli.com\/wp-content\/uploads\/2015\/07\/business-support-1-768x307.jpg 768w, https:\/\/vicolli.com\/wp-content\/uploads\/2015\/07\/business-support-1-705x282.jpg 705w\" sizes=\"(max-width: 1000px) 100vw, 1000px\" \/><div class=\"team-social\"><div class=\"team-social-inner\"><span class='hidden av_member_url_markup '  itemprop=\"url\" ><\/span><a href='' class='avia-team-icon av-av_team_icon-925d470a26a28ceb2aaa24bf33983ed1' rel='v:url' data-avia-tooltip=\"John on Twitter\"  aria-hidden='true' data-av_icon='\ue8f1' data-av_iconfont='entypo-fontello'><\/a><span class='hidden av_member_url_markup '  itemprop=\"url\" ><\/span><a href='' class='avia-team-icon av-av_team_icon-11dbc31ed5c345f08fdf56873f9985db' rel='v:url' data-avia-tooltip=\"Janna on Twitter\"  aria-hidden='true' data-av_icon='\ue8f1' data-av_iconfont='entypo-fontello'><\/a><\/div><\/div><\/div><h3 id=\"john-janna-sarah-max-mikel\" class='team-member-name '  itemprop=\"name\" >John, Janna, Sarah, Max, Mikel<\/h3><div class='team-member-job-title '  itemprop=\"jobTitle\" >Founders<\/div><div class='team-member-description '  itemprop=\"description\" ><p>Lorem ipsum dolor sit amet, consectetuer adipiscing elit. Aenean commodo ligula eget dolor. Aenean massa. Cum sociis natoque penatibus et magnis dis parturient montes, nascetur ridiculus mus.<\/p>\n<\/div><span class='hidden team-member-affiliation'  itemprop=\"affiliation\" >Vicolli - Yaz\u0131l\u0131m &amp; Tasar\u0131m<\/span><\/section><\/div>\n<div class='flex_column av-av_one_third-2a9015ff38129c418a3f2eafba3e9512 av_one_third  avia-builder-el-5  el_after_av_one_full  el_before_av_one_third  first flex_column_div column-top-margin'     ><section  class='avia-team-member av-av_team_member-b5f641a318b7737b8246a83879c9ddba  avia-builder-el-6  avia-builder-el-no-sibling '  itemscope=\"itemscope\" itemtype=\"https:\/\/schema.org\/Person\" ><div class=\"team-img-container\"><img decoding=\"async\" class='wp-image-1960 avia-img-lazy-loading-not-1960 avia_image avia_image_team' src=\"https:\/\/vicolli.com\/wp-content\/uploads\/2017\/02\/people-3.jpg\" alt='Max Mac Man'  itemprop=\"image\"   height=\"600\" width=\"600\" srcset=\"https:\/\/vicolli.com\/wp-content\/uploads\/2017\/02\/people-3.jpg 600w, https:\/\/vicolli.com\/wp-content\/uploads\/2017\/02\/people-3-300x300.jpg 300w, https:\/\/vicolli.com\/wp-content\/uploads\/2017\/02\/people-3-80x80.jpg 80w, https:\/\/vicolli.com\/wp-content\/uploads\/2017\/02\/people-3-36x36.jpg 36w, https:\/\/vicolli.com\/wp-content\/uploads\/2017\/02\/people-3-180x180.jpg 180w\" sizes=\"(max-width: 600px) 100vw, 600px\" \/><div class=\"team-social\"><div class=\"team-social-inner\"><span class='hidden av_member_url_markup '  itemprop=\"url\" ><\/span><a href='' class='avia-team-icon av-av_team_icon-54c81fb70ec441973108681ad0892ea0' rel='v:url' data-avia-tooltip=\"Max on Behance\"  aria-hidden='true' data-av_icon='\ue915' data-av_iconfont='entypo-fontello'><\/a><span class='hidden av_member_url_markup '  itemprop=\"url\" ><\/span><a href='' class='avia-team-icon av-av_team_icon-7ce244b7821e151e93f47c8327d4aa31' rel='v:url' data-avia-tooltip=\"Max on Facebook\"  aria-hidden='true' data-av_icon='\ue8f5' data-av_iconfont='entypo-fontello'><\/a><\/div><\/div><\/div><h3 id=\"max-mac-man\" class='team-member-name '  itemprop=\"name\" >Max Mac Man<\/h3><div class='team-member-job-title '  itemprop=\"jobTitle\" >CTO<\/div><div class='team-member-description '  itemprop=\"description\" ><p>Lorem ipsum dolor sit amet, consectetuer adipiscing elit. Aenean commodo ligula eget dolor. <\/p>\n<\/div><span class='hidden team-member-affiliation'  itemprop=\"affiliation\" >Vicolli - Yaz\u0131l\u0131m &amp; Tasar\u0131m<\/span><\/section><\/div>\n<style type=\"text\/css\" data-created_by=\"avia_inline_auto\" id=\"style-css-av-av_one_third-0aa7055fe62c3622faec82866afbaeb2\">\n.flex_column.av-av_one_third-0aa7055fe62c3622faec82866afbaeb2{\n-webkit-border-radius:0px 0px 0px 0px;\n-moz-border-radius:0px 0px 0px 0px;\nborder-radius:0px 0px 0px 0px;\npadding:0px 0px 0px 0px;\n}\n<\/style>\n<div class='flex_column av-av_one_third-0aa7055fe62c3622faec82866afbaeb2 av_one_third  avia-builder-el-7  el_after_av_one_third  el_before_av_one_third  flex_column_div av-zero-column-padding column-top-margin'     ><section  class='avia-team-member av-av_team_member-2abef22267bcb427785ae7702c4f3954  avia-builder-el-8  avia-builder-el-no-sibling '  itemscope=\"itemscope\" itemtype=\"https:\/\/schema.org\/Person\" ><div class=\"team-img-container\"><img decoding=\"async\" class='wp-image-1959 avia-img-lazy-loading-not-1959 avia_image avia_image_team' src=\"https:\/\/vicolli.com\/wp-content\/uploads\/2017\/02\/people-2.jpg\" alt='Kara Kul King'  itemprop=\"image\"   height=\"600\" width=\"600\" srcset=\"https:\/\/vicolli.com\/wp-content\/uploads\/2017\/02\/people-2.jpg 600w, https:\/\/vicolli.com\/wp-content\/uploads\/2017\/02\/people-2-300x300.jpg 300w, https:\/\/vicolli.com\/wp-content\/uploads\/2017\/02\/people-2-80x80.jpg 80w, https:\/\/vicolli.com\/wp-content\/uploads\/2017\/02\/people-2-36x36.jpg 36w, https:\/\/vicolli.com\/wp-content\/uploads\/2017\/02\/people-2-180x180.jpg 180w\" sizes=\"(max-width: 600px) 100vw, 600px\" \/><div class=\"team-social\"><div class=\"team-social-inner\"><span class='hidden av_member_url_markup '  itemprop=\"url\" ><\/span><a href='' class='avia-team-icon av-av_team_icon-d769b8eacb1022e84c46badbea3c8686' rel='v:url' data-avia-tooltip=\"King on LinkedIn\"  aria-hidden='true' data-av_icon='\ue8fc' data-av_iconfont='entypo-fontello'><\/a><span class='hidden av_member_url_markup '  itemprop=\"url\" ><\/span><a href='' class='avia-team-icon av-av_team_icon-7c92b11925926136219cf0511a3c2ddb' rel='v:url' data-avia-tooltip=\"King on Github\"  aria-hidden='true' data-av_icon='\ue8eb' data-av_iconfont='entypo-fontello'><\/a><\/div><\/div><\/div><h3 id=\"kara-kul-king\" class='team-member-name '  itemprop=\"name\" >Kara Kul King<\/h3><div class='team-member-job-title '  itemprop=\"jobTitle\" >Marketing &amp; Sales<\/div><div class='team-member-description '  itemprop=\"description\" ><p>Cum sociis natoque penatibus et magnis dis parturient montes, nascetur ridiculus mus.<\/p>\n<\/div><span class='hidden team-member-affiliation'  itemprop=\"affiliation\" >Vicolli - Yaz\u0131l\u0131m &amp; Tasar\u0131m<\/span><\/section><\/div>\n<style type=\"text\/css\" data-created_by=\"avia_inline_auto\" id=\"style-css-av-av_one_third-0aa7055fe62c3622faec82866afbaeb2\">\n.flex_column.av-av_one_third-0aa7055fe62c3622faec82866afbaeb2{\n-webkit-border-radius:0px 0px 0px 0px;\n-moz-border-radius:0px 0px 0px 0px;\nborder-radius:0px 0px 0px 0px;\npadding:0px 0px 0px 0px;\n}\n<\/style>\n<div class='flex_column av-av_one_third-0aa7055fe62c3622faec82866afbaeb2 av_one_third  avia-builder-el-9  el_after_av_one_third  avia-builder-el-last  flex_column_div av-zero-column-padding column-top-margin'     ><section  class='avia-team-member av-av_team_member-79f608e3e9cf7fcf76565a3c01d67d03  avia-builder-el-10  avia-builder-el-no-sibling '  itemscope=\"itemscope\" itemtype=\"https:\/\/schema.org\/Person\" ><div class=\"team-img-container\"><img loading=\"lazy\" loading=\"lazy\" decoding=\"async\" class='wp-image-1961 avia-img-lazy-loading-not-1961 avia_image avia_image_team' src=\"https:\/\/vicolli.com\/wp-content\/uploads\/2017\/02\/people-4.jpg\" alt='Sandra sounders'  itemprop=\"image\"   height=\"600\" width=\"600\" srcset=\"https:\/\/vicolli.com\/wp-content\/uploads\/2017\/02\/people-4.jpg 600w, https:\/\/vicolli.com\/wp-content\/uploads\/2017\/02\/people-4-300x300.jpg 300w, https:\/\/vicolli.com\/wp-content\/uploads\/2017\/02\/people-4-80x80.jpg 80w, https:\/\/vicolli.com\/wp-content\/uploads\/2017\/02\/people-4-36x36.jpg 36w, https:\/\/vicolli.com\/wp-content\/uploads\/2017\/02\/people-4-180x180.jpg 180w\" sizes=\"auto, (max-width: 600px) 100vw, 600px\" \/><div class=\"team-social\"><div class=\"team-social-inner\"><span class='hidden av_member_url_markup '  itemprop=\"url\" ><\/span><a href='' class='avia-team-icon av-av_team_icon-bddc6346c57f84c034987791acd0a396' rel='v:url' data-avia-tooltip=\"Sandra on Github\"  aria-hidden='true' data-av_icon='\ue8eb' data-av_iconfont='entypo-fontello'><\/a><span class='hidden av_member_url_markup '  itemprop=\"url\" ><\/span><a href='' class='avia-team-icon av-av_team_icon-73a9bbd35d41018a7d7b24faa7af3d47' rel='v:url' data-avia-tooltip=\"Sandra on LinkedIn\"  aria-hidden='true' data-av_icon='\ue8fc' data-av_iconfont='entypo-fontello'><\/a><\/div><\/div><\/div><h3 id=\"sandra-sounders\" class='team-member-name '  itemprop=\"name\" >Sandra sounders<\/h3><div class='team-member-job-title '  itemprop=\"jobTitle\" >Design &amp; Development<\/div><div class='team-member-description '  itemprop=\"description\" ><p>Aenean massa. Cum sociis natoque penatibus et magnis dis parturient montes, nascetur ridiculus mus. <\/p>\n<\/div><span class='hidden team-member-affiliation'  itemprop=\"affiliation\" >Vicolli - Yaz\u0131l\u0131m &amp; Tasar\u0131m<\/span><\/section><\/div>\n","protected":false},"excerpt":{"rendered":"","protected":false},"author":1,"featured_media":0,"parent":606,"menu_order":0,"comment_status":"closed","ping_status":"closed","template":"","meta":{"footnotes":""},"class_list":["post-1349","page","type-page","status-publish","hentry"],"yoast_head":"<!-- This site is optimized with the Yoast SEO plugin v26.5 - https:\/\/yoast.com\/wordpress\/plugins\/seo\/ -->\n<title>Team Member - Vicolli - Yaz\u0131l\u0131m &amp; Tasar\u0131m<\/title>\n<meta name=\"robots\" content=\"index, follow, max-snippet:-1, max-image-preview:large, max-video-preview:-1\" \/>\n<link rel=\"canonical\" href=\"https:\/\/vicolli.com\/?page_id=1349\" \/>\n<meta property=\"og:locale\" content=\"tr_TR\" \/>\n<meta property=\"og:type\" content=\"article\" \/>\n<meta property=\"og:title\" content=\"Team Member - Vicolli - Yaz\u0131l\u0131m &amp; Tasar\u0131m\" \/>\n<meta property=\"og:url\" content=\"https:\/\/vicolli.com\/?page_id=1349\" \/>\n<meta property=\"og:site_name\" content=\"Vicolli - Yaz\u0131l\u0131m &amp; Tasar\u0131m\" \/>\n<meta name=\"twitter:card\" content=\"summary_large_image\" \/>\n<meta name=\"twitter:label1\" content=\"Tahmini okuma s\u00fcresi\" \/>\n\t<meta name=\"twitter:data1\" content=\"3 dakika\" \/>\n<script type=\"application\/ld+json\" class=\"yoast-schema-graph\">{\"@context\":\"https:\/\/schema.org\",\"@graph\":[{\"@type\":\"WebPage\",\"@id\":\"https:\/\/vicolli.com\/?page_id=1349\",\"url\":\"https:\/\/vicolli.com\/?page_id=1349\",\"name\":\"Team Member - Vicolli - Yaz\u0131l\u0131m &amp; Tasar\u0131m\",\"isPartOf\":{\"@id\":\"https:\/\/vicolli.com\/#website\"},\"datePublished\":\"2017-02-13T15:00:43+00:00\",\"breadcrumb\":{\"@id\":\"https:\/\/vicolli.com\/?page_id=1349#breadcrumb\"},\"inLanguage\":\"tr\",\"potentialAction\":[{\"@type\":\"ReadAction\",\"target\":[\"https:\/\/vicolli.com\/?page_id=1349\"]}]},{\"@type\":\"BreadcrumbList\",\"@id\":\"https:\/\/vicolli.com\/?page_id=1349#breadcrumb\",\"itemListElement\":[{\"@type\":\"ListItem\",\"position\":1,\"name\":\"Anasayfa\",\"item\":\"https:\/\/vicolli.com\/\"},{\"@type\":\"ListItem\",\"position\":2,\"name\":\"Elements\",\"item\":\"https:\/\/vicolli.com\/?page_id=606\"},{\"@type\":\"ListItem\",\"position\":3,\"name\":\"Team Member\"}]},{\"@type\":\"WebSite\",\"@id\":\"https:\/\/vicolli.com\/#website\",\"url\":\"https:\/\/vicolli.com\/\",\"name\":\"Vicolli - Yaz\u0131l\u0131m & Tasar\u0131m\",\"description\":\"Unlimited As Your Imagine\",\"publisher\":{\"@id\":\"https:\/\/vicolli.com\/#organization\"},\"potentialAction\":[{\"@type\":\"SearchAction\",\"target\":{\"@type\":\"EntryPoint\",\"urlTemplate\":\"https:\/\/vicolli.com\/?s={search_term_string}\"},\"query-input\":{\"@type\":\"PropertyValueSpecification\",\"valueRequired\":true,\"valueName\":\"search_term_string\"}}],\"inLanguage\":\"tr\"},{\"@type\":\"Organization\",\"@id\":\"https:\/\/vicolli.com\/#organization\",\"name\":\"Vicolli - Yaz\u0131l\u0131m & Tasar\u0131m\",\"url\":\"https:\/\/vicolli.com\/\",\"logo\":{\"@type\":\"ImageObject\",\"inLanguage\":\"tr\",\"@id\":\"https:\/\/vicolli.com\/#\/schema\/logo\/image\/\",\"url\":\"https:\/\/vicolli.com\/wp-content\/uploads\/2022\/11\/dikdortgen.png\",\"contentUrl\":\"https:\/\/vicolli.com\/wp-content\/uploads\/2022\/11\/dikdortgen.png\",\"width\":2205,\"height\":735,\"caption\":\"Vicolli - Yaz\u0131l\u0131m & Tasar\u0131m\"},\"image\":{\"@id\":\"https:\/\/vicolli.com\/#\/schema\/logo\/image\/\"}}]}<\/script>\n<!-- \/ Yoast SEO plugin. -->","yoast_head_json":{"title":"Team Member - Vicolli - Yaz\u0131l\u0131m &amp; Tasar\u0131m","robots":{"index":"index","follow":"follow","max-snippet":"max-snippet:-1","max-image-preview":"max-image-preview:large","max-video-preview":"max-video-preview:-1"},"canonical":"https:\/\/vicolli.com\/?page_id=1349","og_locale":"tr_TR","og_type":"article","og_title":"Team Member - Vicolli - Yaz\u0131l\u0131m &amp; Tasar\u0131m","og_url":"https:\/\/vicolli.com\/?page_id=1349","og_site_name":"Vicolli - Yaz\u0131l\u0131m &amp; Tasar\u0131m","twitter_card":"summary_large_image","twitter_misc":{"Tahmini okuma s\u00fcresi":"3 dakika"},"schema":{"@context":"https:\/\/schema.org","@graph":[{"@type":"WebPage","@id":"https:\/\/vicolli.com\/?page_id=1349","url":"https:\/\/vicolli.com\/?page_id=1349","name":"Team Member - Vicolli - Yaz\u0131l\u0131m &amp; Tasar\u0131m","isPartOf":{"@id":"https:\/\/vicolli.com\/#website"},"datePublished":"2017-02-13T15:00:43+00:00","breadcrumb":{"@id":"https:\/\/vicolli.com\/?page_id=1349#breadcrumb"},"inLanguage":"tr","potentialAction":[{"@type":"ReadAction","target":["https:\/\/vicolli.com\/?page_id=1349"]}]},{"@type":"BreadcrumbList","@id":"https:\/\/vicolli.com\/?page_id=1349#breadcrumb","itemListElement":[{"@type":"ListItem","position":1,"name":"Anasayfa","item":"https:\/\/vicolli.com\/"},{"@type":"ListItem","position":2,"name":"Elements","item":"https:\/\/vicolli.com\/?page_id=606"},{"@type":"ListItem","position":3,"name":"Team Member"}]},{"@type":"WebSite","@id":"https:\/\/vicolli.com\/#website","url":"https:\/\/vicolli.com\/","name":"Vicolli - Yaz\u0131l\u0131m & Tasar\u0131m","description":"Unlimited As Your Imagine","publisher":{"@id":"https:\/\/vicolli.com\/#organization"},"potentialAction":[{"@type":"SearchAction","target":{"@type":"EntryPoint","urlTemplate":"https:\/\/vicolli.com\/?s={search_term_string}"},"query-input":{"@type":"PropertyValueSpecification","valueRequired":true,"valueName":"search_term_string"}}],"inLanguage":"tr"},{"@type":"Organization","@id":"https:\/\/vicolli.com\/#organization","name":"Vicolli - Yaz\u0131l\u0131m & Tasar\u0131m","url":"https:\/\/vicolli.com\/","logo":{"@type":"ImageObject","inLanguage":"tr","@id":"https:\/\/vicolli.com\/#\/schema\/logo\/image\/","url":"https:\/\/vicolli.com\/wp-content\/uploads\/2022\/11\/dikdortgen.png","contentUrl":"https:\/\/vicolli.com\/wp-content\/uploads\/2022\/11\/dikdortgen.png","width":2205,"height":735,"caption":"Vicolli - Yaz\u0131l\u0131m & Tasar\u0131m"},"image":{"@id":"https:\/\/vicolli.com\/#\/schema\/logo\/image\/"}}]}},"_links":{"self":[{"href":"https:\/\/vicolli.com\/index.php?rest_route=\/wp\/v2\/pages\/1349","targetHints":{"allow":["GET"]}}],"collection":[{"href":"https:\/\/vicolli.com\/index.php?rest_route=\/wp\/v2\/pages"}],"about":[{"href":"https:\/\/vicolli.com\/index.php?rest_route=\/wp\/v2\/types\/page"}],"author":[{"embeddable":true,"href":"https:\/\/vicolli.com\/index.php?rest_route=\/wp\/v2\/users\/1"}],"replies":[{"embeddable":true,"href":"https:\/\/vicolli.com\/index.php?rest_route=%2Fwp%2Fv2%2Fcomments&post=1349"}],"version-history":[{"count":0,"href":"https:\/\/vicolli.com\/index.php?rest_route=\/wp\/v2\/pages\/1349\/revisions"}],"up":[{"embeddable":true,"href":"https:\/\/vicolli.com\/index.php?rest_route=\/wp\/v2\/pages\/606"}],"wp:attachment":[{"href":"https:\/\/vicolli.com\/index.php?rest_route=%2Fwp%2Fv2%2Fmedia&parent=1349"}],"curies":[{"name":"wp","href":"https:\/\/api.w.org\/{rel}","templated":true}]}}