{"id":1340,"date":"2017-02-13T14:59:55","date_gmt":"2017-02-13T14:59:55","guid":{"rendered":"http:\/\/test.kriesi.at\/enfold-2017\/?page_id=1340"},"modified":"2017-02-13T14:59:55","modified_gmt":"2017-02-13T14:59:55","slug":"portfolio-grid","status":"publish","type":"page","link":"https:\/\/vicolli.com\/?page_id=1340","title":{"rendered":"Portfolio Grid"},"content":{"rendered":"\n<style type=\"text\/css\" data-created_by=\"avia_inline_auto\" id=\"style-css-av-av_heading-62d895b727001a70d34ca87d38fdf4d5\">\n#top .av-special-heading.av-av_heading-62d895b727001a70d34ca87d38fdf4d5{\npadding-bottom:15px;\ncolor:#000000;\nfont-size:40px;\n}\nbody .av-special-heading.av-av_heading-62d895b727001a70d34ca87d38fdf4d5 .av-special-heading-tag .heading-char{\nfont-size:25px;\n}\n#top #wrap_all .av-special-heading.av-av_heading-62d895b727001a70d34ca87d38fdf4d5 .av-special-heading-tag{\nfont-size:40px;\n}\n.av-special-heading.av-av_heading-62d895b727001a70d34ca87d38fdf4d5 .special-heading-inner-border{\nborder-color:#000000;\n}\n.av-special-heading.av-av_heading-62d895b727001a70d34ca87d38fdf4d5 .av-subheading{\nfont-size:15px;\n}\n\n@media only screen and (min-width: 480px) and (max-width: 767px){ \n#top #wrap_all .av-special-heading.av-av_heading-62d895b727001a70d34ca87d38fdf4d5 .av-special-heading-tag{\nfont-size:0.8em;\n}\n}\n\n@media only screen and (max-width: 479px){ \n#top #wrap_all .av-special-heading.av-av_heading-62d895b727001a70d34ca87d38fdf4d5 .av-special-heading-tag{\nfont-size:0.8em;\n}\n}\n<\/style>\n<div  class='av-special-heading av-av_heading-62d895b727001a70d34ca87d38fdf4d5 av-special-heading-h1 custom-color-heading blockquote modern-quote  avia-builder-el-0  el_before_av_textblock  avia-builder-el-first  av-inherit-size'><h1 id=\"portfolio-element\" class='av-special-heading-tag'  itemprop=\"headline\"  >Portfolio Element<\/h1><div class=\"special-heading-border\"><div class=\"special-heading-inner-border\"><\/div><\/div><\/div>\n<section  class='av_textblock_section av-av_textblock-396ddf1f42196ca838231e61a4602801'  itemscope=\"itemscope\" itemtype=\"https:\/\/schema.org\/CreativeWork\" ><div class='avia_textblock'  itemprop=\"text\" ><p>This element allows you to display a\u00a0grid with portfolio items, that can link\u00a0to the full portfolio entry, just a single image or open a ajaxed preview version of the entry. Please see all options at the\u00a0<strong>portfolio main menu<\/strong> were we show different ways to\u00a0show your work in a beautiful way.<\/p>\n<\/div><\/section>\n\n<style type=\"text\/css\" data-created_by=\"avia_inline_auto\" id=\"style-css-av-av_hr-4474f20d2389e2e5ecf918a02da5132e\">\n#top .hr.hr-invisible.av-av_hr-4474f20d2389e2e5ecf918a02da5132e{\nheight:50px;\n}\n<\/style>\n<div  class='hr av-av_hr-4474f20d2389e2e5ecf918a02da5132e hr-invisible  avia-builder-el-2  el_after_av_textblock  el_before_av_one_full '><span class='hr-inner '><span class=\"hr-inner-style\"><\/span><\/span><\/div>\n\n<style type=\"text\/css\" data-created_by=\"avia_inline_auto\" id=\"style-css-av-av_one_full-6126cab7d8fab8d08143dd2dacdf673c\">\n.flex_column.av-av_one_full-6126cab7d8fab8d08143dd2dacdf673c{\n-webkit-border-radius:0px 0px 0px 0px;\n-moz-border-radius:0px 0px 0px 0px;\nborder-radius:0px 0px 0px 0px;\npadding:0px 0px 0px 0px;\n}\n<\/style>\n<div class='flex_column av-av_one_full-6126cab7d8fab8d08143dd2dacdf673c av_one_full  avia-builder-el-3  el_after_av_hr  avia-builder-el-last  first flex_column_div av-zero-column-padding '     ><div  id=\"av-sc-portfolio-1\"  class=\"av-portfolio-grid-sorting-container\"><div class='sort_width_container  av-sort-yes' data-portfolio-id='1' ><div id='js_sort_items' ><div class='sort_by_cat '><a href=\"#\" data-filter=\"all_sort\" class=\"all_sort_button active_sort\"><span class=\"inner_sort_button\"><span>T\u00fcm\u00fc<\/span><small class=\"av-cat-count\"> 6 <\/small><\/span><\/a><span class=\"text-sep design_sort_sep\">\/<\/span><a href=\"#\" data-filter=\"design_sort\" class=\"design_sort_button\" ><span class=\"inner_sort_button\"><span>Design<\/span><small class=\"av-cat-count\"> 4 <\/small><\/span><\/a><span class=\"text-sep illustration_sort_sep\">\/<\/span><a href=\"#\" data-filter=\"illustration_sort\" class=\"illustration_sort_button\" ><span class=\"inner_sort_button\"><span>Illustration<\/span><small class=\"av-cat-count\"> 4 <\/small><\/span><\/a><span class=\"text-sep photography_sort_sep\">\/<\/span><a href=\"#\" data-filter=\"photography_sort\" class=\"photography_sort_button\" ><span class=\"inner_sort_button\"><span>Photography<\/span><small class=\"av-cat-count\"> 2 <\/small><\/span><\/a><\/div><\/div><\/div><div  class=' grid-sort-container isotope   no_margin-container with-excerpt-container grid-total-even grid-col-2 grid-links-' data-portfolio-id='1'><div data-ajax-id='142' class=' grid-entry flex_column isotope-item all_sort no_margin post-entry post-entry-142 grid-entry-overview grid-loop-1 grid-parity-odd  illustration_sort photography_sort  av_one_half first default_av_fullwidth '><article class='main_color inner-entry'  itemscope=\"itemscope\" itemtype=\"https:\/\/schema.org\/CreativeWork\" ><a href=\"https:\/\/vicolli.com\/?portfolio=imac-revolution\" title='Modern Single Entry'  data-rel='grid-1' class='grid-image avia-hover-fx'> <img fetchpriority=\"high\" fetchpriority=\"high\" decoding=\"async\" width=\"800\" height=\"570\" src=\"https:\/\/vicolli.com\/wp-content\/uploads\/2015\/07\/portfolio-10.jpg\" class=\"wp-image-871 avia-img-lazy-loading-not-871 attachment-no scaling size-no scaling wp-post-image\" alt=\"\" srcset=\"https:\/\/vicolli.com\/wp-content\/uploads\/2015\/07\/portfolio-10.jpg 800w, https:\/\/vicolli.com\/wp-content\/uploads\/2015\/07\/portfolio-10-300x214.jpg 300w, https:\/\/vicolli.com\/wp-content\/uploads\/2015\/07\/portfolio-10-768x547.jpg 768w, https:\/\/vicolli.com\/wp-content\/uploads\/2015\/07\/portfolio-10-260x185.jpg 260w, https:\/\/vicolli.com\/wp-content\/uploads\/2015\/07\/portfolio-10-705x502.jpg 705w\" sizes=\"(max-width: 800px) 100vw, 800px\" \/><\/a><div class='grid-content'><div class='avia-arrow'><\/div><header class=\"entry-content-header\"><h3 id=\"modern-single-entry\" class='grid-entry-title entry-title '  itemprop=\"headline\" ><a href='https:\/\/vicolli.com\/?portfolio=imac-revolution' title='Modern Single Entry'>Modern Single Entry<\/a><\/h3><\/header><\/div><footer class=\"entry-footer\"><\/footer><\/article><\/div><div data-ajax-id='146' class=' grid-entry flex_column isotope-item all_sort no_margin post-entry post-entry-146 grid-entry-overview grid-loop-2 grid-parity-even  design_sort  av_one_half  default_av_fullwidth '><article class='main_color inner-entry'  itemscope=\"itemscope\" itemtype=\"https:\/\/schema.org\/CreativeWork\" ><a href=\"https:\/\/vicolli.com\/?portfolio=ipad-iphone-freebie\" title='Classic Single Entry'  data-rel='grid-1' class='grid-image avia-hover-fx'> <img decoding=\"async\" width=\"800\" height=\"570\" src=\"https:\/\/vicolli.com\/wp-content\/uploads\/2015\/07\/portfolio-9.jpg\" class=\"wp-image-865 avia-img-lazy-loading-not-865 attachment-no scaling size-no scaling wp-post-image\" alt=\"\" srcset=\"https:\/\/vicolli.com\/wp-content\/uploads\/2015\/07\/portfolio-9.jpg 800w, https:\/\/vicolli.com\/wp-content\/uploads\/2015\/07\/portfolio-9-300x214.jpg 300w, https:\/\/vicolli.com\/wp-content\/uploads\/2015\/07\/portfolio-9-768x547.jpg 768w, https:\/\/vicolli.com\/wp-content\/uploads\/2015\/07\/portfolio-9-260x185.jpg 260w, https:\/\/vicolli.com\/wp-content\/uploads\/2015\/07\/portfolio-9-705x502.jpg 705w\" sizes=\"(max-width: 800px) 100vw, 800px\" \/><\/a><div class='grid-content'><div class='avia-arrow'><\/div><header class=\"entry-content-header\"><h3 id=\"classic-single-entry\" class='grid-entry-title entry-title '  itemprop=\"headline\" ><a href='https:\/\/vicolli.com\/?portfolio=ipad-iphone-freebie' title='Classic Single Entry'>Classic Single Entry<\/a><\/h3><\/header><\/div><footer class=\"entry-footer\"><\/footer><\/article><\/div><div data-ajax-id='145' class=' grid-entry flex_column isotope-item all_sort no_margin post-entry post-entry-145 grid-entry-overview grid-loop-3 grid-parity-odd  design_sort  av_one_half first default_av_fullwidth '><article class='main_color inner-entry'  itemscope=\"itemscope\" itemtype=\"https:\/\/schema.org\/CreativeWork\" ><a href=\"https:\/\/vicolli.com\/?portfolio=power-pills\" title='Classic Single Entry #2'  data-rel='grid-1' class='grid-image avia-hover-fx'> <img decoding=\"async\" width=\"800\" height=\"570\" src=\"https:\/\/vicolli.com\/wp-content\/uploads\/2015\/07\/portfolio-5.jpg\" class=\"wp-image-868 avia-img-lazy-loading-not-868 attachment-no scaling size-no scaling wp-post-image\" alt=\"\" srcset=\"https:\/\/vicolli.com\/wp-content\/uploads\/2015\/07\/portfolio-5.jpg 800w, https:\/\/vicolli.com\/wp-content\/uploads\/2015\/07\/portfolio-5-300x214.jpg 300w, https:\/\/vicolli.com\/wp-content\/uploads\/2015\/07\/portfolio-5-768x547.jpg 768w, https:\/\/vicolli.com\/wp-content\/uploads\/2015\/07\/portfolio-5-260x185.jpg 260w, https:\/\/vicolli.com\/wp-content\/uploads\/2015\/07\/portfolio-5-705x502.jpg 705w\" sizes=\"(max-width: 800px) 100vw, 800px\" \/><\/a><div class='grid-content'><div class='avia-arrow'><\/div><header class=\"entry-content-header\"><h3 id=\"classic-single-entry-2\" class='grid-entry-title entry-title '  itemprop=\"headline\" ><a href='https:\/\/vicolli.com\/?portfolio=power-pills' title='Classic Single Entry #2'>Classic Single Entry #2<\/a><\/h3><\/header><\/div><footer class=\"entry-footer\"><\/footer><\/article><\/div><div data-ajax-id='144' class=' grid-entry flex_column isotope-item all_sort no_margin post-entry post-entry-144 grid-entry-overview grid-loop-4 grid-parity-even  design_sort illustration_sort  av_one_half  default_av_fullwidth '><article class='main_color inner-entry'  itemscope=\"itemscope\" itemtype=\"https:\/\/schema.org\/CreativeWork\" ><a href=\"https:\/\/vicolli.com\/?portfolio=macbook-pro-ssd\" title='MacBook PRO &#038; SSD'  data-rel='grid-1' class='grid-image avia-hover-fx'> <img loading=\"lazy\" loading=\"lazy\" decoding=\"async\" width=\"800\" height=\"570\" src=\"https:\/\/vicolli.com\/wp-content\/uploads\/2015\/07\/portfolio-6.jpg\" class=\"wp-image-867 avia-img-lazy-loading-not-867 attachment-no scaling size-no scaling wp-post-image\" alt=\"\" srcset=\"https:\/\/vicolli.com\/wp-content\/uploads\/2015\/07\/portfolio-6.jpg 800w, https:\/\/vicolli.com\/wp-content\/uploads\/2015\/07\/portfolio-6-300x214.jpg 300w, https:\/\/vicolli.com\/wp-content\/uploads\/2015\/07\/portfolio-6-768x547.jpg 768w, https:\/\/vicolli.com\/wp-content\/uploads\/2015\/07\/portfolio-6-260x185.jpg 260w, https:\/\/vicolli.com\/wp-content\/uploads\/2015\/07\/portfolio-6-705x502.jpg 705w\" sizes=\"auto, (max-width: 800px) 100vw, 800px\" \/><\/a><div class='grid-content'><div class='avia-arrow'><\/div><header class=\"entry-content-header\"><h3 id=\"macbook-pro-ssd\" class='grid-entry-title entry-title '  itemprop=\"headline\" ><a href='https:\/\/vicolli.com\/?portfolio=macbook-pro-ssd' title='MacBook PRO &#038; SSD'>MacBook PRO &#038; SSD<\/a><\/h3><\/header><\/div><footer class=\"entry-footer\"><\/footer><\/article><\/div><div data-ajax-id='140' class=' grid-entry flex_column isotope-item all_sort no_margin post-entry post-entry-140 grid-entry-overview grid-loop-5 grid-parity-odd  illustration_sort photography_sort  av_one_half first default_av_fullwidth '><article class='main_color inner-entry'  itemscope=\"itemscope\" itemtype=\"https:\/\/schema.org\/CreativeWork\" ><a href=\"https:\/\/vicolli.com\/?portfolio=plant-plant\" title='Plant &#038; Plant'  data-rel='grid-1' class='grid-image avia-hover-fx'> <img loading=\"lazy\" loading=\"lazy\" decoding=\"async\" width=\"800\" height=\"570\" src=\"https:\/\/vicolli.com\/wp-content\/uploads\/2015\/07\/portfolio-1.jpg\" class=\"wp-image-866 avia-img-lazy-loading-not-866 attachment-no scaling size-no scaling wp-post-image\" alt=\"\" srcset=\"https:\/\/vicolli.com\/wp-content\/uploads\/2015\/07\/portfolio-1.jpg 800w, https:\/\/vicolli.com\/wp-content\/uploads\/2015\/07\/portfolio-1-300x214.jpg 300w, https:\/\/vicolli.com\/wp-content\/uploads\/2015\/07\/portfolio-1-768x547.jpg 768w, https:\/\/vicolli.com\/wp-content\/uploads\/2015\/07\/portfolio-1-260x185.jpg 260w, https:\/\/vicolli.com\/wp-content\/uploads\/2015\/07\/portfolio-1-705x502.jpg 705w\" sizes=\"auto, (max-width: 800px) 100vw, 800px\" \/><\/a><div class='grid-content'><div class='avia-arrow'><\/div><header class=\"entry-content-header\"><h3 id=\"plant-plant\" class='grid-entry-title entry-title '  itemprop=\"headline\" ><a href='https:\/\/vicolli.com\/?portfolio=plant-plant' title='Plant &#038; Plant'>Plant &#038; Plant<\/a><\/h3><\/header><\/div><footer class=\"entry-footer\"><\/footer><\/article><\/div><div data-ajax-id='143' class=' grid-entry flex_column isotope-item all_sort no_margin post-entry post-entry-143 grid-entry-overview grid-loop-6 grid-parity-even  post-entry-last  design_sort illustration_sort  av_one_half  default_av_fullwidth '><article class='main_color inner-entry'  itemscope=\"itemscope\" itemtype=\"https:\/\/schema.org\/CreativeWork\" ><a href=\"https:\/\/vicolli.com\/?portfolio=sunglasses\" title='Sunglasses'  data-rel='grid-1' class='grid-image avia-hover-fx'> <img loading=\"lazy\" loading=\"lazy\" decoding=\"async\" width=\"800\" height=\"570\" src=\"https:\/\/vicolli.com\/wp-content\/uploads\/2015\/07\/portfolio-7.jpg\" class=\"wp-image-869 avia-img-lazy-loading-not-869 attachment-no scaling size-no scaling wp-post-image\" alt=\"\" srcset=\"https:\/\/vicolli.com\/wp-content\/uploads\/2015\/07\/portfolio-7.jpg 800w, https:\/\/vicolli.com\/wp-content\/uploads\/2015\/07\/portfolio-7-300x214.jpg 300w, https:\/\/vicolli.com\/wp-content\/uploads\/2015\/07\/portfolio-7-768x547.jpg 768w, https:\/\/vicolli.com\/wp-content\/uploads\/2015\/07\/portfolio-7-260x185.jpg 260w, https:\/\/vicolli.com\/wp-content\/uploads\/2015\/07\/portfolio-7-705x502.jpg 705w\" sizes=\"auto, (max-width: 800px) 100vw, 800px\" \/><\/a><div class='grid-content'><div class='avia-arrow'><\/div><header class=\"entry-content-header\"><h3 id=\"sunglasses\" class='grid-entry-title entry-title '  itemprop=\"headline\" ><a href='https:\/\/vicolli.com\/?portfolio=sunglasses' title='Sunglasses'>Sunglasses<\/a><\/h3><\/header><\/div><footer class=\"entry-footer\"><\/footer><\/article><\/div><\/div><\/div>   <!--   class=\"av-portfolio-grid-sorting-container\"  --><div class='pagination-wrap  '><nav class='pagination'><span class='pagination-meta'>Page 1 of 2<\/span><span class='current'>1<\/span><a href='https:\/\/vicolli.com\/index.php?rest_route=%2Fwp%2Fv2%2Fpages%2F1340&#038;avia-element-paging=2' class='inactive next_page' >2<\/a><\/nav>\n<\/div><\/div>\n","protected":false},"excerpt":{"rendered":"","protected":false},"author":1,"featured_media":0,"parent":606,"menu_order":0,"comment_status":"closed","ping_status":"closed","template":"","meta":{"footnotes":""},"class_list":["post-1340","page","type-page","status-publish","hentry"],"yoast_head":"<!-- This site is optimized with the Yoast SEO plugin v26.5 - https:\/\/yoast.com\/wordpress\/plugins\/seo\/ -->\n<title>Portfolio Grid - Vicolli - Yaz\u0131l\u0131m &amp; Tasar\u0131m<\/title>\n<meta name=\"robots\" content=\"index, follow, max-snippet:-1, max-image-preview:large, max-video-preview:-1\" \/>\n<link rel=\"canonical\" href=\"https:\/\/vicolli.com\/?page_id=1340\" \/>\n<meta property=\"og:locale\" content=\"tr_TR\" \/>\n<meta property=\"og:type\" content=\"article\" \/>\n<meta property=\"og:title\" content=\"Portfolio Grid - Vicolli - Yaz\u0131l\u0131m &amp; Tasar\u0131m\" \/>\n<meta property=\"og:url\" content=\"https:\/\/vicolli.com\/?page_id=1340\" \/>\n<meta property=\"og:site_name\" content=\"Vicolli - Yaz\u0131l\u0131m &amp; Tasar\u0131m\" \/>\n<meta name=\"twitter:card\" content=\"summary_large_image\" \/>\n<meta name=\"twitter:label1\" content=\"Tahmini okuma s\u00fcresi\" \/>\n\t<meta name=\"twitter:data1\" content=\"1 dakika\" \/>\n<script type=\"application\/ld+json\" class=\"yoast-schema-graph\">{\"@context\":\"https:\/\/schema.org\",\"@graph\":[{\"@type\":\"WebPage\",\"@id\":\"https:\/\/vicolli.com\/?page_id=1340\",\"url\":\"https:\/\/vicolli.com\/?page_id=1340\",\"name\":\"Portfolio Grid - Vicolli - Yaz\u0131l\u0131m &amp; Tasar\u0131m\",\"isPartOf\":{\"@id\":\"https:\/\/vicolli.com\/#website\"},\"datePublished\":\"2017-02-13T14:59:55+00:00\",\"breadcrumb\":{\"@id\":\"https:\/\/vicolli.com\/?page_id=1340#breadcrumb\"},\"inLanguage\":\"tr\",\"potentialAction\":[{\"@type\":\"ReadAction\",\"target\":[\"https:\/\/vicolli.com\/?page_id=1340\"]}]},{\"@type\":\"BreadcrumbList\",\"@id\":\"https:\/\/vicolli.com\/?page_id=1340#breadcrumb\",\"itemListElement\":[{\"@type\":\"ListItem\",\"position\":1,\"name\":\"Anasayfa\",\"item\":\"https:\/\/vicolli.com\/\"},{\"@type\":\"ListItem\",\"position\":2,\"name\":\"Elements\",\"item\":\"https:\/\/vicolli.com\/?page_id=606\"},{\"@type\":\"ListItem\",\"position\":3,\"name\":\"Portfolio Grid\"}]},{\"@type\":\"WebSite\",\"@id\":\"https:\/\/vicolli.com\/#website\",\"url\":\"https:\/\/vicolli.com\/\",\"name\":\"Vicolli - Yaz\u0131l\u0131m & Tasar\u0131m\",\"description\":\"Unlimited As Your Imagine\",\"publisher\":{\"@id\":\"https:\/\/vicolli.com\/#organization\"},\"potentialAction\":[{\"@type\":\"SearchAction\",\"target\":{\"@type\":\"EntryPoint\",\"urlTemplate\":\"https:\/\/vicolli.com\/?s={search_term_string}\"},\"query-input\":{\"@type\":\"PropertyValueSpecification\",\"valueRequired\":true,\"valueName\":\"search_term_string\"}}],\"inLanguage\":\"tr\"},{\"@type\":\"Organization\",\"@id\":\"https:\/\/vicolli.com\/#organization\",\"name\":\"Vicolli - Yaz\u0131l\u0131m & Tasar\u0131m\",\"url\":\"https:\/\/vicolli.com\/\",\"logo\":{\"@type\":\"ImageObject\",\"inLanguage\":\"tr\",\"@id\":\"https:\/\/vicolli.com\/#\/schema\/logo\/image\/\",\"url\":\"https:\/\/vicolli.com\/wp-content\/uploads\/2022\/11\/dikdortgen.png\",\"contentUrl\":\"https:\/\/vicolli.com\/wp-content\/uploads\/2022\/11\/dikdortgen.png\",\"width\":2205,\"height\":735,\"caption\":\"Vicolli - Yaz\u0131l\u0131m & Tasar\u0131m\"},\"image\":{\"@id\":\"https:\/\/vicolli.com\/#\/schema\/logo\/image\/\"}}]}<\/script>\n<!-- \/ Yoast SEO plugin. -->","yoast_head_json":{"title":"Portfolio Grid - Vicolli - Yaz\u0131l\u0131m &amp; Tasar\u0131m","robots":{"index":"index","follow":"follow","max-snippet":"max-snippet:-1","max-image-preview":"max-image-preview:large","max-video-preview":"max-video-preview:-1"},"canonical":"https:\/\/vicolli.com\/?page_id=1340","og_locale":"tr_TR","og_type":"article","og_title":"Portfolio Grid - Vicolli - Yaz\u0131l\u0131m &amp; Tasar\u0131m","og_url":"https:\/\/vicolli.com\/?page_id=1340","og_site_name":"Vicolli - Yaz\u0131l\u0131m &amp; Tasar\u0131m","twitter_card":"summary_large_image","twitter_misc":{"Tahmini okuma s\u00fcresi":"1 dakika"},"schema":{"@context":"https:\/\/schema.org","@graph":[{"@type":"WebPage","@id":"https:\/\/vicolli.com\/?page_id=1340","url":"https:\/\/vicolli.com\/?page_id=1340","name":"Portfolio Grid - Vicolli - Yaz\u0131l\u0131m &amp; Tasar\u0131m","isPartOf":{"@id":"https:\/\/vicolli.com\/#website"},"datePublished":"2017-02-13T14:59:55+00:00","breadcrumb":{"@id":"https:\/\/vicolli.com\/?page_id=1340#breadcrumb"},"inLanguage":"tr","potentialAction":[{"@type":"ReadAction","target":["https:\/\/vicolli.com\/?page_id=1340"]}]},{"@type":"BreadcrumbList","@id":"https:\/\/vicolli.com\/?page_id=1340#breadcrumb","itemListElement":[{"@type":"ListItem","position":1,"name":"Anasayfa","item":"https:\/\/vicolli.com\/"},{"@type":"ListItem","position":2,"name":"Elements","item":"https:\/\/vicolli.com\/?page_id=606"},{"@type":"ListItem","position":3,"name":"Portfolio Grid"}]},{"@type":"WebSite","@id":"https:\/\/vicolli.com\/#website","url":"https:\/\/vicolli.com\/","name":"Vicolli - Yaz\u0131l\u0131m & Tasar\u0131m","description":"Unlimited As Your Imagine","publisher":{"@id":"https:\/\/vicolli.com\/#organization"},"potentialAction":[{"@type":"SearchAction","target":{"@type":"EntryPoint","urlTemplate":"https:\/\/vicolli.com\/?s={search_term_string}"},"query-input":{"@type":"PropertyValueSpecification","valueRequired":true,"valueName":"search_term_string"}}],"inLanguage":"tr"},{"@type":"Organization","@id":"https:\/\/vicolli.com\/#organization","name":"Vicolli - Yaz\u0131l\u0131m & Tasar\u0131m","url":"https:\/\/vicolli.com\/","logo":{"@type":"ImageObject","inLanguage":"tr","@id":"https:\/\/vicolli.com\/#\/schema\/logo\/image\/","url":"https:\/\/vicolli.com\/wp-content\/uploads\/2022\/11\/dikdortgen.png","contentUrl":"https:\/\/vicolli.com\/wp-content\/uploads\/2022\/11\/dikdortgen.png","width":2205,"height":735,"caption":"Vicolli - Yaz\u0131l\u0131m & Tasar\u0131m"},"image":{"@id":"https:\/\/vicolli.com\/#\/schema\/logo\/image\/"}}]}},"_links":{"self":[{"href":"https:\/\/vicolli.com\/index.php?rest_route=\/wp\/v2\/pages\/1340","targetHints":{"allow":["GET"]}}],"collection":[{"href":"https:\/\/vicolli.com\/index.php?rest_route=\/wp\/v2\/pages"}],"about":[{"href":"https:\/\/vicolli.com\/index.php?rest_route=\/wp\/v2\/types\/page"}],"author":[{"embeddable":true,"href":"https:\/\/vicolli.com\/index.php?rest_route=\/wp\/v2\/users\/1"}],"replies":[{"embeddable":true,"href":"https:\/\/vicolli.com\/index.php?rest_route=%2Fwp%2Fv2%2Fcomments&post=1340"}],"version-history":[{"count":0,"href":"https:\/\/vicolli.com\/index.php?rest_route=\/wp\/v2\/pages\/1340\/revisions"}],"up":[{"embeddable":true,"href":"https:\/\/vicolli.com\/index.php?rest_route=\/wp\/v2\/pages\/606"}],"wp:attachment":[{"href":"https:\/\/vicolli.com\/index.php?rest_route=%2Fwp%2Fv2%2Fmedia&parent=1340"}],"curies":[{"name":"wp","href":"https:\/\/api.w.org\/{rel}","templated":true}]}}