{"id":1310,"date":"2017-02-13T14:57:13","date_gmt":"2017-02-13T14:57:13","guid":{"rendered":"http:\/\/test.kriesi.at\/enfold-2017\/?page_id=1310"},"modified":"2017-02-13T14:57:13","modified_gmt":"2017-02-13T14:57:13","slug":"headline-rotator","status":"publish","type":"page","link":"https:\/\/vicolli.com\/?page_id=1310","title":{"rendered":"Headline Rotator"},"content":{"rendered":"\n<style type=\"text\/css\" data-created_by=\"avia_inline_auto\" id=\"style-css-av-av_section-de57efc0c08fdec58f73f8c563592a14\">\n.avia-section.av-av_section-de57efc0c08fdec58f73f8c563592a14{\nbackground-repeat:no-repeat;\nbackground-image:url(https:\/\/vicolli.com\/wp-content\/uploads\/2017\/02\/business-office-work-blurred.jpg);\nbackground-position:0% 0%;\nbackground-attachment:scroll;\n}\n.avia-section.av-av_section-de57efc0c08fdec58f73f8c563592a14 .av-section-color-overlay{\nopacity:0.7;\nbackground-color:#000000;\n}\n<\/style>\n<div id='av_section_1'  class='avia-section av-av_section-de57efc0c08fdec58f73f8c563592a14 main_color avia-section-huge avia-no-border-styling  avia-builder-el-0  el_before_av_heading  avia-builder-el-first  avia-full-stretch avia-bg-style-scroll av-section-color-overlay-active container_wrap sidebar_right'  data-section-bg-repeat='stretch'><div class=\"av-section-color-overlay-wrap\"><div class=\"av-section-color-overlay\"><\/div><div class='container av-section-cont-open' ><main  role=\"main\" itemprop=\"mainContentOfPage\"  class='template-page content  av-content-small alpha units'><div class='post-entry post-entry-type-page post-entry-1310'><div class='entry-content-wrapper clearfix'>\n\n<style type=\"text\/css\" data-created_by=\"avia_inline_auto\" id=\"style-css-av-av_three_fourth-6126cab7d8fab8d08143dd2dacdf673c\">\n.flex_column.av-av_three_fourth-6126cab7d8fab8d08143dd2dacdf673c{\n-webkit-border-radius:0px 0px 0px 0px;\n-moz-border-radius:0px 0px 0px 0px;\nborder-radius:0px 0px 0px 0px;\npadding:0px 0px 0px 0px;\n}\n<\/style>\n<div class='flex_column av-av_three_fourth-6126cab7d8fab8d08143dd2dacdf673c av_three_fourth  avia-builder-el-1  el_before_av_one_fourth  avia-builder-el-first  first flex_column_div av-zero-column-padding '     ><style type=\"text\/css\" data-created_by=\"avia_inline_auto\" id=\"style-css-av-av_headline_rotator-b3ca44bafb0468f8e2ebf2908b6998a1\">\n#top .av-rotator-container.av-av_headline_rotator-b3ca44bafb0468f8e2ebf2908b6998a1{\ntext-align:left;\ncolor:#ffffff;\n}\n#top #wrap_all .av-rotator-container.av-av_headline_rotator-b3ca44bafb0468f8e2ebf2908b6998a1 .av-rotator-container-inner{\nfont-size:63px;\n}\n<\/style>\n\n<style type=\"text\/css\" data-created_by=\"avia_inline_auto\" id=\"style-css-sub-av-av_headline_rotator-b3ca44bafb0468f8e2ebf2908b6998a1\">\n#top .av-rotator-container .av-rotator-text-single.av-av_rotator_item-ea64a36a7fa99d3593371617b595aacb{\ncolor:#9cc2df;\n}\n#top .av-rotator-container .av-rotator-text-single.av-av_rotator_item-49f1f534b5503d33ebf4c9934320c787{\ncolor:#9cc2df;\n}\n#top .av-rotator-container .av-rotator-text-single.av-av_rotator_item-5e0645698005255efac72e5a2ddbd721{\ncolor:#9cc2df;\n}\n#top .av-rotator-container .av-rotator-text-single.av-av_rotator_item-7b848475d5ef04071fa8940464d3f50c{\ncolor:#9cc2df;\n}\n<\/style>\n<div  class='av-rotator-container av-rotation-container-left av-av_headline_rotator-b3ca44bafb0468f8e2ebf2908b6998a1  avia-builder-el-2  avia-builder-el-no-sibling ' data-interval='3' data-animation='1'><h2 id=\"everything-under-one-roof-we-offer-great-marketinguser-experiencecustomer-supportdesign-skills\" class='av-rotator-container-inner'>EVERYTHING UNDER ONE ROOF! WE OFFER GREAT <span class='av-rotator-text av-rotator-multiline-on'>\n<span class='av-rotator-text-single av-av_rotator_item-ea64a36a7fa99d3593371617b595aacb av-rotator-text-single-1'>MARKETING<\/span>\n<span class='av-rotator-text-single av-av_rotator_item-49f1f534b5503d33ebf4c9934320c787 av-rotator-text-single-2'>USER EXPERIENCE<\/span>\n<span class='av-rotator-text-single av-av_rotator_item-5e0645698005255efac72e5a2ddbd721 av-rotator-text-single-3'>CUSTOMER SUPPORT<\/span>\n<span class='av-rotator-text-single av-av_rotator_item-7b848475d5ef04071fa8940464d3f50c av-rotator-text-single-4'>DESIGN SKILLS<\/span>\n<\/span><\/h2><\/div><\/div>\n<style type=\"text\/css\" data-created_by=\"avia_inline_auto\" id=\"style-css-av-av_one_fourth-0aa7055fe62c3622faec82866afbaeb2\">\n.flex_column.av-av_one_fourth-0aa7055fe62c3622faec82866afbaeb2{\n-webkit-border-radius:0px 0px 0px 0px;\n-moz-border-radius:0px 0px 0px 0px;\nborder-radius:0px 0px 0px 0px;\npadding:0px 0px 0px 0px;\n}\n<\/style>\n<div class='flex_column av-av_one_fourth-0aa7055fe62c3622faec82866afbaeb2 av_one_fourth  avia-builder-el-3  el_after_av_three_fourth  avia-builder-el-last  flex_column_div av-zero-column-padding '     ><\/div>\n<\/div><\/div><\/main><!-- close content main element --><\/div><\/div><\/div><div id='after_section_1'  class='main_color av_default_container_wrap container_wrap sidebar_right'  ><div class='container av-section-cont-open' ><div class='template-page content  av-content-small alpha units'><div class='post-entry post-entry-type-page post-entry-1310'><div class='entry-content-wrapper clearfix'>\n\n<style type=\"text\/css\" data-created_by=\"avia_inline_auto\" id=\"style-css-av-av_heading-a044d3baae9bd0790fad79449bce3c03\">\n#top .av-special-heading.av-av_heading-a044d3baae9bd0790fad79449bce3c03{\npadding-bottom:15px;\ncolor:#000000;\nfont-size:40px;\n}\nbody .av-special-heading.av-av_heading-a044d3baae9bd0790fad79449bce3c03 .av-special-heading-tag .heading-char{\nfont-size:25px;\n}\n#top #wrap_all .av-special-heading.av-av_heading-a044d3baae9bd0790fad79449bce3c03 .av-special-heading-tag{\nfont-size:40px;\n}\n.av-special-heading.av-av_heading-a044d3baae9bd0790fad79449bce3c03 .special-heading-inner-border{\nborder-color:#000000;\n}\n.av-special-heading.av-av_heading-a044d3baae9bd0790fad79449bce3c03 .av-subheading{\nfont-size:15px;\n}\n\n@media only screen and (min-width: 480px) and (max-width: 767px){ \n#top #wrap_all .av-special-heading.av-av_heading-a044d3baae9bd0790fad79449bce3c03 .av-special-heading-tag{\nfont-size:0.8em;\n}\n}\n\n@media only screen and (max-width: 479px){ \n#top #wrap_all .av-special-heading.av-av_heading-a044d3baae9bd0790fad79449bce3c03 .av-special-heading-tag{\nfont-size:0.8em;\n}\n}\n<\/style>\n<div  class='av-special-heading av-av_heading-a044d3baae9bd0790fad79449bce3c03 av-special-heading-h1 custom-color-heading blockquote modern-quote  avia-builder-el-4  el_after_av_section  el_before_av_textblock  avia-builder-el-first  av-inherit-size'><h1 id=\"headline-rotator\" class='av-special-heading-tag'  itemprop=\"headline\"  >Headline Rotator<\/h1><div class=\"special-heading-border\"><div class=\"special-heading-inner-border\"><\/div><\/div><\/div>\n<section  class='av_textblock_section av-av_textblock-396ddf1f42196ca838231e61a4602801'  itemscope=\"itemscope\" itemtype=\"https:\/\/schema.org\/CreativeWork\" ><div class='avia_textblock'  itemprop=\"text\" ><p>This element allows you to display a\u00a0headline with a constantly changing message. You can set several style like alignment, size and color to modify the visual appearance of the element<\/p>\n<\/div><\/section>\n\n<style type=\"text\/css\" data-created_by=\"avia_inline_auto\" id=\"style-css-av-av_hr-4474f20d2389e2e5ecf918a02da5132e\">\n#top .hr.hr-invisible.av-av_hr-4474f20d2389e2e5ecf918a02da5132e{\nheight:50px;\n}\n<\/style>\n<div  class='hr av-av_hr-4474f20d2389e2e5ecf918a02da5132e hr-invisible  avia-builder-el-6  el_after_av_textblock  el_before_av_headline_rotator '><span class='hr-inner '><span class=\"hr-inner-style\"><\/span><\/span><\/div>\n\n<style type=\"text\/css\" data-created_by=\"avia_inline_auto\" id=\"style-css-av-av_headline_rotator-f94e6d307ab316292c67a078af2f95e4\">\n#top .av-rotator-container.av-av_headline_rotator-f94e6d307ab316292c67a078af2f95e4{\ntext-align:left;\n}\n#top #wrap_all .av-rotator-container.av-av_headline_rotator-f94e6d307ab316292c67a078af2f95e4 .av-rotator-container-inner{\nfont-size:25px;\n}\n<\/style>\n\n<style type=\"text\/css\" data-created_by=\"avia_inline_auto\" id=\"style-css-sub-av-av_headline_rotator-f94e6d307ab316292c67a078af2f95e4\">\n#top .av-rotator-container .av-rotator-text-single.av-av_rotator_item-e5a0d6457132977622c2ee91bfaf4304{\ncolor:#000000;\n}\n#top .av-rotator-container .av-rotator-text-single.av-av_rotator_item-71e28b81bae65b83d0cf52d27bad2a64{\ncolor:#000000;\n}\n#top .av-rotator-container .av-rotator-text-single.av-av_rotator_item-7a65581e37860f9b8948d846f21e72ac{\ncolor:#000000;\n}\n#top .av-rotator-container .av-rotator-text-single.av-av_rotator_item-a2ae4cabe4e4d91eb7c7260b3c09eb7b{\ncolor:#000000;\n}\n<\/style>\n<div  class='av-rotator-container av-rotation-container-left av-av_headline_rotator-f94e6d307ab316292c67a078af2f95e4  avia-builder-el-7  el_after_av_hr  el_before_av_hr ' data-interval='3' data-animation='0'><h2 id=\"everything-under-one-roofwe-offer-great-marketinguser-experiencecustomer-supportdesign-skills\" class='av-rotator-container-inner'>EVERYTHING UNDER ONE ROOF!<br \/>\nWE OFFER GREAT <span class='av-rotator-text av-rotator-multiline-off'>\n<span class='av-rotator-text-single av-av_rotator_item-e5a0d6457132977622c2ee91bfaf4304 av-rotator-text-single-1'>MARKETING<\/span>\n<span class='av-rotator-text-single av-av_rotator_item-71e28b81bae65b83d0cf52d27bad2a64 av-rotator-text-single-2'>USER EXPERIENCE<\/span>\n<span class='av-rotator-text-single av-av_rotator_item-7a65581e37860f9b8948d846f21e72ac av-rotator-text-single-3'>CUSTOMER SUPPORT<\/span>\n<span class='av-rotator-text-single av-av_rotator_item-a2ae4cabe4e4d91eb7c7260b3c09eb7b av-rotator-text-single-4'>DESIGN SKILLS<\/span>\n<\/span><\/h2><\/div>\n\n<style type=\"text\/css\" data-created_by=\"avia_inline_auto\" id=\"style-css-av-av_hr-4474f20d2389e2e5ecf918a02da5132e\">\n#top .hr.hr-invisible.av-av_hr-4474f20d2389e2e5ecf918a02da5132e{\nheight:50px;\n}\n<\/style>\n<div  class='hr av-av_hr-4474f20d2389e2e5ecf918a02da5132e hr-invisible  avia-builder-el-8  el_after_av_headline_rotator  el_before_av_one_full '><span class='hr-inner '><span class=\"hr-inner-style\"><\/span><\/span><\/div>\n\n<style type=\"text\/css\" data-created_by=\"avia_inline_auto\" id=\"style-css-av-av_one_full-6e4263983f90b42800376a80ea8fe631\">\n.flex_column.av-av_one_full-6e4263983f90b42800376a80ea8fe631{\n-webkit-border-radius:0px 0px 0px 0px;\n-moz-border-radius:0px 0px 0px 0px;\nborder-radius:0px 0px 0px 0px;\npadding:40px 40px 40px 40px;\nbackground-color:#f7f7f7;\n}\n<\/style>\n<div class='flex_column av-av_one_full-6e4263983f90b42800376a80ea8fe631 av_one_full  avia-builder-el-9  el_after_av_hr  avia-builder-el-last  first flex_column_div '     ><style type=\"text\/css\" data-created_by=\"avia_inline_auto\" id=\"style-css-av-av_headline_rotator-a6ac2e3b3ddade8e21f617f24461edec\">\n#top .av-rotator-container.av-av_headline_rotator-a6ac2e3b3ddade8e21f617f24461edec{\ntext-align:center;\n}\n<\/style>\n\n<style type=\"text\/css\" data-created_by=\"avia_inline_auto\" id=\"style-css-sub-av-av_headline_rotator-a6ac2e3b3ddade8e21f617f24461edec\">\n#top .av-rotator-container .av-rotator-text-single.av-av_rotator_item-e5a0d6457132977622c2ee91bfaf4304{\ncolor:#000000;\n}\n#top .av-rotator-container .av-rotator-text-single.av-av_rotator_item-a2ae4cabe4e4d91eb7c7260b3c09eb7b{\ncolor:#000000;\n}\n#top .av-rotator-container .av-rotator-text-single.av-av_rotator_item-7a65581e37860f9b8948d846f21e72ac{\ncolor:#000000;\n}\n#top .av-rotator-container .av-rotator-text-single.av-av_rotator_item-71e28b81bae65b83d0cf52d27bad2a64{\ncolor:#000000;\n}\n<\/style>\n<div  class='av-rotator-container av-rotation-container-center av-av_headline_rotator-a6ac2e3b3ddade8e21f617f24461edec  avia-builder-el-10  avia-builder-el-no-sibling  av-fixed-rotator-width' data-interval='3' data-animation='1' data-fixWidth='1'><p class='av-rotator-container-inner'>EVERYTHING UNDER ONE ROOF!<br \/>\nWE OFFER GREAT <span class='av-rotator-text av-rotator-multiline-off'>\n<span class='av-rotator-text-single av-av_rotator_item-e5a0d6457132977622c2ee91bfaf4304 av-rotator-text-single-1'>MARKETING<\/span>\n<span class='av-rotator-text-single av-av_rotator_item-a2ae4cabe4e4d91eb7c7260b3c09eb7b av-rotator-text-single-2'>DESIGN SKILLS<\/span>\n<span class='av-rotator-text-single av-av_rotator_item-7a65581e37860f9b8948d846f21e72ac av-rotator-text-single-3'>CUSTOMER SUPPORT<\/span>\n<span class='av-rotator-text-single av-av_rotator_item-71e28b81bae65b83d0cf52d27bad2a64 av-rotator-text-single-4'>USER EXPERIENCE<\/span>\n<\/span><\/p><\/div><\/div>\n","protected":false},"excerpt":{"rendered":"","protected":false},"author":1,"featured_media":0,"parent":606,"menu_order":0,"comment_status":"closed","ping_status":"closed","template":"","meta":{"footnotes":""},"class_list":["post-1310","page","type-page","status-publish","hentry"],"yoast_head":"<!-- This site is optimized with the Yoast SEO plugin v26.5 - https:\/\/yoast.com\/wordpress\/plugins\/seo\/ -->\n<title>Headline Rotator - Vicolli - Yaz\u0131l\u0131m &amp; Tasar\u0131m<\/title>\n<meta name=\"robots\" content=\"index, follow, max-snippet:-1, max-image-preview:large, max-video-preview:-1\" \/>\n<link rel=\"canonical\" href=\"https:\/\/vicolli.com\/?page_id=1310\" \/>\n<meta property=\"og:locale\" content=\"tr_TR\" \/>\n<meta property=\"og:type\" content=\"article\" \/>\n<meta property=\"og:title\" content=\"Headline Rotator - Vicolli - Yaz\u0131l\u0131m &amp; Tasar\u0131m\" \/>\n<meta property=\"og:url\" content=\"https:\/\/vicolli.com\/?page_id=1310\" \/>\n<meta property=\"og:site_name\" content=\"Vicolli - Yaz\u0131l\u0131m &amp; Tasar\u0131m\" \/>\n<meta name=\"twitter:card\" content=\"summary_large_image\" \/>\n<meta name=\"twitter:label1\" content=\"Tahmini okuma s\u00fcresi\" \/>\n\t<meta name=\"twitter:data1\" content=\"4 dakika\" \/>\n<script type=\"application\/ld+json\" class=\"yoast-schema-graph\">{\"@context\":\"https:\/\/schema.org\",\"@graph\":[{\"@type\":\"WebPage\",\"@id\":\"https:\/\/vicolli.com\/?page_id=1310\",\"url\":\"https:\/\/vicolli.com\/?page_id=1310\",\"name\":\"Headline Rotator - Vicolli - Yaz\u0131l\u0131m &amp; Tasar\u0131m\",\"isPartOf\":{\"@id\":\"https:\/\/vicolli.com\/#website\"},\"datePublished\":\"2017-02-13T14:57:13+00:00\",\"breadcrumb\":{\"@id\":\"https:\/\/vicolli.com\/?page_id=1310#breadcrumb\"},\"inLanguage\":\"tr\",\"potentialAction\":[{\"@type\":\"ReadAction\",\"target\":[\"https:\/\/vicolli.com\/?page_id=1310\"]}]},{\"@type\":\"BreadcrumbList\",\"@id\":\"https:\/\/vicolli.com\/?page_id=1310#breadcrumb\",\"itemListElement\":[{\"@type\":\"ListItem\",\"position\":1,\"name\":\"Anasayfa\",\"item\":\"https:\/\/vicolli.com\/\"},{\"@type\":\"ListItem\",\"position\":2,\"name\":\"Elements\",\"item\":\"https:\/\/vicolli.com\/?page_id=606\"},{\"@type\":\"ListItem\",\"position\":3,\"name\":\"Headline Rotator\"}]},{\"@type\":\"WebSite\",\"@id\":\"https:\/\/vicolli.com\/#website\",\"url\":\"https:\/\/vicolli.com\/\",\"name\":\"Vicolli - Yaz\u0131l\u0131m & Tasar\u0131m\",\"description\":\"Unlimited As Your Imagine\",\"publisher\":{\"@id\":\"https:\/\/vicolli.com\/#organization\"},\"potentialAction\":[{\"@type\":\"SearchAction\",\"target\":{\"@type\":\"EntryPoint\",\"urlTemplate\":\"https:\/\/vicolli.com\/?s={search_term_string}\"},\"query-input\":{\"@type\":\"PropertyValueSpecification\",\"valueRequired\":true,\"valueName\":\"search_term_string\"}}],\"inLanguage\":\"tr\"},{\"@type\":\"Organization\",\"@id\":\"https:\/\/vicolli.com\/#organization\",\"name\":\"Vicolli - Yaz\u0131l\u0131m & Tasar\u0131m\",\"url\":\"https:\/\/vicolli.com\/\",\"logo\":{\"@type\":\"ImageObject\",\"inLanguage\":\"tr\",\"@id\":\"https:\/\/vicolli.com\/#\/schema\/logo\/image\/\",\"url\":\"https:\/\/vicolli.com\/wp-content\/uploads\/2022\/11\/dikdortgen.png\",\"contentUrl\":\"https:\/\/vicolli.com\/wp-content\/uploads\/2022\/11\/dikdortgen.png\",\"width\":2205,\"height\":735,\"caption\":\"Vicolli - Yaz\u0131l\u0131m & Tasar\u0131m\"},\"image\":{\"@id\":\"https:\/\/vicolli.com\/#\/schema\/logo\/image\/\"}}]}<\/script>\n<!-- \/ Yoast SEO plugin. -->","yoast_head_json":{"title":"Headline Rotator - Vicolli - Yaz\u0131l\u0131m &amp; Tasar\u0131m","robots":{"index":"index","follow":"follow","max-snippet":"max-snippet:-1","max-image-preview":"max-image-preview:large","max-video-preview":"max-video-preview:-1"},"canonical":"https:\/\/vicolli.com\/?page_id=1310","og_locale":"tr_TR","og_type":"article","og_title":"Headline Rotator - Vicolli - Yaz\u0131l\u0131m &amp; Tasar\u0131m","og_url":"https:\/\/vicolli.com\/?page_id=1310","og_site_name":"Vicolli - Yaz\u0131l\u0131m &amp; Tasar\u0131m","twitter_card":"summary_large_image","twitter_misc":{"Tahmini okuma s\u00fcresi":"4 dakika"},"schema":{"@context":"https:\/\/schema.org","@graph":[{"@type":"WebPage","@id":"https:\/\/vicolli.com\/?page_id=1310","url":"https:\/\/vicolli.com\/?page_id=1310","name":"Headline Rotator - Vicolli - Yaz\u0131l\u0131m &amp; Tasar\u0131m","isPartOf":{"@id":"https:\/\/vicolli.com\/#website"},"datePublished":"2017-02-13T14:57:13+00:00","breadcrumb":{"@id":"https:\/\/vicolli.com\/?page_id=1310#breadcrumb"},"inLanguage":"tr","potentialAction":[{"@type":"ReadAction","target":["https:\/\/vicolli.com\/?page_id=1310"]}]},{"@type":"BreadcrumbList","@id":"https:\/\/vicolli.com\/?page_id=1310#breadcrumb","itemListElement":[{"@type":"ListItem","position":1,"name":"Anasayfa","item":"https:\/\/vicolli.com\/"},{"@type":"ListItem","position":2,"name":"Elements","item":"https:\/\/vicolli.com\/?page_id=606"},{"@type":"ListItem","position":3,"name":"Headline Rotator"}]},{"@type":"WebSite","@id":"https:\/\/vicolli.com\/#website","url":"https:\/\/vicolli.com\/","name":"Vicolli - Yaz\u0131l\u0131m & Tasar\u0131m","description":"Unlimited As Your Imagine","publisher":{"@id":"https:\/\/vicolli.com\/#organization"},"potentialAction":[{"@type":"SearchAction","target":{"@type":"EntryPoint","urlTemplate":"https:\/\/vicolli.com\/?s={search_term_string}"},"query-input":{"@type":"PropertyValueSpecification","valueRequired":true,"valueName":"search_term_string"}}],"inLanguage":"tr"},{"@type":"Organization","@id":"https:\/\/vicolli.com\/#organization","name":"Vicolli - Yaz\u0131l\u0131m & Tasar\u0131m","url":"https:\/\/vicolli.com\/","logo":{"@type":"ImageObject","inLanguage":"tr","@id":"https:\/\/vicolli.com\/#\/schema\/logo\/image\/","url":"https:\/\/vicolli.com\/wp-content\/uploads\/2022\/11\/dikdortgen.png","contentUrl":"https:\/\/vicolli.com\/wp-content\/uploads\/2022\/11\/dikdortgen.png","width":2205,"height":735,"caption":"Vicolli - Yaz\u0131l\u0131m & Tasar\u0131m"},"image":{"@id":"https:\/\/vicolli.com\/#\/schema\/logo\/image\/"}}]}},"_links":{"self":[{"href":"https:\/\/vicolli.com\/index.php?rest_route=\/wp\/v2\/pages\/1310","targetHints":{"allow":["GET"]}}],"collection":[{"href":"https:\/\/vicolli.com\/index.php?rest_route=\/wp\/v2\/pages"}],"about":[{"href":"https:\/\/vicolli.com\/index.php?rest_route=\/wp\/v2\/types\/page"}],"author":[{"embeddable":true,"href":"https:\/\/vicolli.com\/index.php?rest_route=\/wp\/v2\/users\/1"}],"replies":[{"embeddable":true,"href":"https:\/\/vicolli.com\/index.php?rest_route=%2Fwp%2Fv2%2Fcomments&post=1310"}],"version-history":[{"count":0,"href":"https:\/\/vicolli.com\/index.php?rest_route=\/wp\/v2\/pages\/1310\/revisions"}],"up":[{"embeddable":true,"href":"https:\/\/vicolli.com\/index.php?rest_route=\/wp\/v2\/pages\/606"}],"wp:attachment":[{"href":"https:\/\/vicolli.com\/index.php?rest_route=%2Fwp%2Fv2%2Fmedia&parent=1310"}],"curies":[{"name":"wp","href":"https:\/\/api.w.org\/{rel}","templated":true}]}}