{"id":1304,"date":"2017-02-13T14:56:52","date_gmt":"2017-02-13T14:56:52","guid":{"rendered":"http:\/\/test.kriesi.at\/enfold-2017\/?page_id=1304"},"modified":"2017-02-13T14:56:52","modified_gmt":"2017-02-13T14:56:52","slug":"icon-box","status":"publish","type":"page","link":"https:\/\/vicolli.com\/?page_id=1304","title":{"rendered":"Icon Box"},"content":{"rendered":"\n<style type=\"text\/css\" data-created_by=\"avia_inline_auto\" id=\"style-css-av-av_heading-55c8b5c27047c75e776c5c6e4d2ebbbd\">\n#top .av-special-heading.av-av_heading-55c8b5c27047c75e776c5c6e4d2ebbbd{\npadding-bottom:15px;\ncolor:#000000;\nfont-size:40px;\n}\nbody .av-special-heading.av-av_heading-55c8b5c27047c75e776c5c6e4d2ebbbd .av-special-heading-tag .heading-char{\nfont-size:25px;\n}\n#top #wrap_all .av-special-heading.av-av_heading-55c8b5c27047c75e776c5c6e4d2ebbbd .av-special-heading-tag{\nfont-size:40px;\n}\n.av-special-heading.av-av_heading-55c8b5c27047c75e776c5c6e4d2ebbbd .special-heading-inner-border{\nborder-color:#000000;\n}\n.av-special-heading.av-av_heading-55c8b5c27047c75e776c5c6e4d2ebbbd .av-subheading{\nfont-size:15px;\n}\n\n@media only screen and (min-width: 480px) and (max-width: 767px){ \n#top #wrap_all .av-special-heading.av-av_heading-55c8b5c27047c75e776c5c6e4d2ebbbd .av-special-heading-tag{\nfont-size:0.8em;\n}\n}\n\n@media only screen and (max-width: 479px){ \n#top #wrap_all .av-special-heading.av-av_heading-55c8b5c27047c75e776c5c6e4d2ebbbd .av-special-heading-tag{\nfont-size:0.8em;\n}\n}\n<\/style>\n<div  class='av-special-heading av-av_heading-55c8b5c27047c75e776c5c6e4d2ebbbd av-special-heading-h1 custom-color-heading blockquote modern-quote  avia-builder-el-0  el_before_av_textblock  avia-builder-el-first  av-inherit-size'><h1 id=\"icon-box\" class='av-special-heading-tag'  itemprop=\"headline\"  >Icon Box<\/h1><div class=\"special-heading-border\"><div class=\"special-heading-inner-border\"><\/div><\/div><\/div>\n<section  class='av_textblock_section av-av_textblock-396ddf1f42196ca838231e61a4602801'  itemscope=\"itemscope\" itemtype=\"https:\/\/schema.org\/CreativeWork\" ><div class='avia_textblock'  itemprop=\"text\" ><p>This element allows you to display a\u00a0block with an icon, a headline and some content. The Icon appearance\u00a0can be styled in multiple ways.<\/p>\n<\/div><\/section>\n<div  class='hr av-av_hr-f6cfd4a2ecd29aaa4f6da333d8cb4f00 hr-full  avia-builder-el-2  el_after_av_textblock  el_before_av_one_full  hr-no-shadow'><span class='hr-inner '><span class=\"hr-inner-style\"><\/span><\/span><\/div>\n<div class='flex_column av-av_one_full-2a9015ff38129c418a3f2eafba3e9512 av_one_full  avia-builder-el-3  el_after_av_hr  el_before_av_hr  first flex_column_div '     ><article  class='iconbox iconbox_left_content av-av_icon_box-0349aa45aacc3a540e85e3b1d3f28e2b  avia-builder-el-4  avia-builder-el-no-sibling '  itemscope=\"itemscope\" itemtype=\"https:\/\/schema.org\/CreativeWork\" ><div class=\"iconbox_icon heading-color\" aria-hidden='true' data-av_icon='\ue80a' data-av_iconfont='entypo-fontello'><\/div><div class=\"iconbox_content\"><header class=\"entry-content-header\"><h3 id=\"lorem-ipsum\" class='iconbox_content_title '  itemprop=\"headline\" >Lorem Ipsum<\/h3><\/header><div class='iconbox_content_container '  itemprop=\"text\" ><p>Aenean e penatibus et magnis dis parturient montes, nascetur ridiculus mus.\u00a0Lorem ipsum dolor sitg elit.<\/p>\n<\/div><\/div><footer class=\"entry-footer\"><\/footer><\/article><\/div>\n<div  class='hr av-av_hr-f6cfd4a2ecd29aaa4f6da333d8cb4f00 hr-full  avia-builder-el-5  el_after_av_one_full  el_before_av_one_full  hr-no-shadow'><span class='hr-inner '><span class=\"hr-inner-style\"><\/span><\/span><\/div>\n\n<style type=\"text\/css\" data-created_by=\"avia_inline_auto\" id=\"style-css-av-av_one_full-6126cab7d8fab8d08143dd2dacdf673c\">\n.flex_column.av-av_one_full-6126cab7d8fab8d08143dd2dacdf673c{\n-webkit-border-radius:0px 0px 0px 0px;\n-moz-border-radius:0px 0px 0px 0px;\nborder-radius:0px 0px 0px 0px;\npadding:0px 0px 0px 0px;\n}\n<\/style>\n<div class='flex_column av-av_one_full-6126cab7d8fab8d08143dd2dacdf673c av_one_full  avia-builder-el-6  el_after_av_hr  el_before_av_hr  first flex_column_div av-zero-column-padding '     ><article  class='iconbox iconbox_left_content av-av_icon_box-aca560da28b61a3632588a63db3ef70a av-icon-style-no-border  avia-builder-el-7  avia-builder-el-no-sibling '  itemscope=\"itemscope\" itemtype=\"https:\/\/schema.org\/CreativeWork\" ><div class=\"iconbox_icon heading-color\" aria-hidden='true' data-av_icon='\ue803' data-av_iconfont='entypo-fontello'><\/div><div class=\"iconbox_content\"><header class=\"entry-content-header\"><h3 id=\"nascetur-ridiculus\" class='iconbox_content_title '  itemprop=\"headline\" >Nascetur ridiculus<\/h3><\/header><div class='iconbox_content_container '  itemprop=\"text\" ><p>Aenean e penatibus et magnis dis parturient montes, nascetur ridiculus mus.\u00a0Lorem ipsum dolor sit iscing elit.<\/p>\n<\/div><\/div><footer class=\"entry-footer\"><\/footer><\/article><\/div>\n<div  class='hr av-av_hr-f6cfd4a2ecd29aaa4f6da333d8cb4f00 hr-full  avia-builder-el-8  el_after_av_one_full  el_before_av_one_full  hr-no-shadow'><span class='hr-inner '><span class=\"hr-inner-style\"><\/span><\/span><\/div>\n<div class='flex_column av-av_one_full-2a9015ff38129c418a3f2eafba3e9512 av_one_full  avia-builder-el-9  el_after_av_hr  el_before_av_hr  first flex_column_div '     ><article  class='iconbox iconbox_left av-av_icon_box-0b2ab279bf1c8d8f1a7dc5e882a7dcaf av-icon-style-no-border  avia-builder-el-10  avia-builder-el-no-sibling '  itemscope=\"itemscope\" itemtype=\"https:\/\/schema.org\/CreativeWork\" ><div class=\"iconbox_content\"><header class=\"entry-content-header\"><div class=\"iconbox_icon heading-color\" aria-hidden='true' data-av_icon='\ue827' data-av_iconfont='entypo-fontello'><\/div><h3 id=\"lorem-ipsum-2\" class='iconbox_content_title '  itemprop=\"headline\" >Lorem Ipsum<\/h3><\/header><div class='iconbox_content_container '  itemprop=\"text\" ><p>Aenean e penatibus et magnis dis parturient montes, nascetur ridiculus mus.\u00a0Lorem ipsum dolor sit amet, consectetuer adipiscing elit.<\/p>\n<\/div><\/div><footer class=\"entry-footer\"><\/footer><\/article><\/div>\n<div  class='hr av-av_hr-f6cfd4a2ecd29aaa4f6da333d8cb4f00 hr-full  avia-builder-el-11  el_after_av_one_full  el_before_av_one_full  hr-no-shadow'><span class='hr-inner '><span class=\"hr-inner-style\"><\/span><\/span><\/div>\n\n<style type=\"text\/css\" data-created_by=\"avia_inline_auto\" id=\"style-css-av-av_one_full-6126cab7d8fab8d08143dd2dacdf673c\">\n.flex_column.av-av_one_full-6126cab7d8fab8d08143dd2dacdf673c{\n-webkit-border-radius:0px 0px 0px 0px;\n-moz-border-radius:0px 0px 0px 0px;\nborder-radius:0px 0px 0px 0px;\npadding:0px 0px 0px 0px;\n}\n<\/style>\n<div class='flex_column av-av_one_full-6126cab7d8fab8d08143dd2dacdf673c av_one_full  avia-builder-el-12  el_after_av_hr  el_before_av_hr  first flex_column_div av-zero-column-padding '     ><article  class='iconbox iconbox_top av-av_icon_box-187522d9e2b8d73ff50b8278099ca7b7 av-icon-style-no-border  avia-builder-el-13  avia-builder-el-no-sibling  main_color'  itemscope=\"itemscope\" itemtype=\"https:\/\/schema.org\/CreativeWork\" ><div class=\"iconbox_content\"><header class=\"entry-content-header\"><div class=\"iconbox_icon heading-color\" aria-hidden='true' data-av_icon='\ue82b' data-av_iconfont='entypo-fontello'><\/div><h3 id=\"nascetur-ridiculus-2\" class='iconbox_content_title '  itemprop=\"headline\" >Nascetur ridiculus<\/h3><\/header><div class='iconbox_content_container '  itemprop=\"text\" ><p>Donec pede justo, fringilla vel, aliquet nec, vulputate eget, arcu. In enim justo, rhoncus ut, imperdiet a, venenatis vitae, justo.<\/p>\n<\/div><\/div><footer class=\"entry-footer\"><\/footer><\/article><\/div>\n<div  class='hr av-av_hr-f6cfd4a2ecd29aaa4f6da333d8cb4f00 hr-full  avia-builder-el-14  el_after_av_one_full  el_before_av_one_full  hr-no-shadow'><span class='hr-inner '><span class=\"hr-inner-style\"><\/span><\/span><\/div>\n\n<style type=\"text\/css\" data-created_by=\"avia_inline_auto\" id=\"style-css-av-av_one_full-6126cab7d8fab8d08143dd2dacdf673c\">\n.flex_column.av-av_one_full-6126cab7d8fab8d08143dd2dacdf673c{\n-webkit-border-radius:0px 0px 0px 0px;\n-moz-border-radius:0px 0px 0px 0px;\nborder-radius:0px 0px 0px 0px;\npadding:0px 0px 0px 0px;\n}\n<\/style>\n<div class='flex_column av-av_one_full-6126cab7d8fab8d08143dd2dacdf673c av_one_full  avia-builder-el-15  el_after_av_hr  avia-builder-el-last  first flex_column_div av-zero-column-padding '     ><article  class='iconbox iconbox_top av-av_icon_box-a5221a41dee4b23d7e066f5bb07dcb22 av-no-box av-icon-style-no-border  avia-builder-el-16  avia-builder-el-no-sibling '  itemscope=\"itemscope\" itemtype=\"https:\/\/schema.org\/CreativeWork\" ><div class=\"iconbox_content\"><header class=\"entry-content-header\"><div class=\"iconbox_icon heading-color\" aria-hidden='true' data-av_icon='\ue859' data-av_iconfont='entypo-fontello'><\/div><h3 id=\"lorem-ipsum-3\" class='iconbox_content_title '  itemprop=\"headline\" >Lorem Ipsum<\/h3><\/header><div class='iconbox_content_container '  itemprop=\"text\" ><p>Aenean e penatibus et magnis dis parturient montes, nascetur ridiculus mus.\u00a0Lorem ipsum dolor sit amet, consectetuer adipiscing elit.<\/p>\n<\/div><\/div><footer class=\"entry-footer\"><\/footer><\/article><\/div>\n","protected":false},"excerpt":{"rendered":"","protected":false},"author":1,"featured_media":0,"parent":606,"menu_order":0,"comment_status":"closed","ping_status":"closed","template":"","meta":{"footnotes":""},"class_list":["post-1304","page","type-page","status-publish","hentry"],"yoast_head":"<!-- This site is optimized with the Yoast SEO plugin v26.5 - https:\/\/yoast.com\/wordpress\/plugins\/seo\/ -->\n<title>Icon Box - Vicolli - Yaz\u0131l\u0131m &amp; Tasar\u0131m<\/title>\n<meta name=\"robots\" content=\"index, follow, max-snippet:-1, max-image-preview:large, max-video-preview:-1\" \/>\n<link rel=\"canonical\" href=\"https:\/\/vicolli.com\/?page_id=1304\" \/>\n<meta property=\"og:locale\" content=\"tr_TR\" \/>\n<meta property=\"og:type\" content=\"article\" \/>\n<meta property=\"og:title\" content=\"Icon Box - Vicolli - Yaz\u0131l\u0131m &amp; Tasar\u0131m\" \/>\n<meta property=\"og:url\" content=\"https:\/\/vicolli.com\/?page_id=1304\" \/>\n<meta property=\"og:site_name\" content=\"Vicolli - Yaz\u0131l\u0131m &amp; Tasar\u0131m\" \/>\n<meta name=\"twitter:card\" content=\"summary_large_image\" \/>\n<meta name=\"twitter:label1\" content=\"Tahmini okuma s\u00fcresi\" \/>\n\t<meta name=\"twitter:data1\" content=\"4 dakika\" \/>\n<script type=\"application\/ld+json\" class=\"yoast-schema-graph\">{\"@context\":\"https:\/\/schema.org\",\"@graph\":[{\"@type\":\"WebPage\",\"@id\":\"https:\/\/vicolli.com\/?page_id=1304\",\"url\":\"https:\/\/vicolli.com\/?page_id=1304\",\"name\":\"Icon Box - Vicolli - Yaz\u0131l\u0131m &amp; Tasar\u0131m\",\"isPartOf\":{\"@id\":\"https:\/\/vicolli.com\/#website\"},\"datePublished\":\"2017-02-13T14:56:52+00:00\",\"breadcrumb\":{\"@id\":\"https:\/\/vicolli.com\/?page_id=1304#breadcrumb\"},\"inLanguage\":\"tr\",\"potentialAction\":[{\"@type\":\"ReadAction\",\"target\":[\"https:\/\/vicolli.com\/?page_id=1304\"]}]},{\"@type\":\"BreadcrumbList\",\"@id\":\"https:\/\/vicolli.com\/?page_id=1304#breadcrumb\",\"itemListElement\":[{\"@type\":\"ListItem\",\"position\":1,\"name\":\"Anasayfa\",\"item\":\"https:\/\/vicolli.com\/\"},{\"@type\":\"ListItem\",\"position\":2,\"name\":\"Elements\",\"item\":\"https:\/\/vicolli.com\/?page_id=606\"},{\"@type\":\"ListItem\",\"position\":3,\"name\":\"Icon Box\"}]},{\"@type\":\"WebSite\",\"@id\":\"https:\/\/vicolli.com\/#website\",\"url\":\"https:\/\/vicolli.com\/\",\"name\":\"Vicolli - Yaz\u0131l\u0131m & Tasar\u0131m\",\"description\":\"Unlimited As Your Imagine\",\"publisher\":{\"@id\":\"https:\/\/vicolli.com\/#organization\"},\"potentialAction\":[{\"@type\":\"SearchAction\",\"target\":{\"@type\":\"EntryPoint\",\"urlTemplate\":\"https:\/\/vicolli.com\/?s={search_term_string}\"},\"query-input\":{\"@type\":\"PropertyValueSpecification\",\"valueRequired\":true,\"valueName\":\"search_term_string\"}}],\"inLanguage\":\"tr\"},{\"@type\":\"Organization\",\"@id\":\"https:\/\/vicolli.com\/#organization\",\"name\":\"Vicolli - Yaz\u0131l\u0131m & Tasar\u0131m\",\"url\":\"https:\/\/vicolli.com\/\",\"logo\":{\"@type\":\"ImageObject\",\"inLanguage\":\"tr\",\"@id\":\"https:\/\/vicolli.com\/#\/schema\/logo\/image\/\",\"url\":\"https:\/\/vicolli.com\/wp-content\/uploads\/2022\/11\/dikdortgen.png\",\"contentUrl\":\"https:\/\/vicolli.com\/wp-content\/uploads\/2022\/11\/dikdortgen.png\",\"width\":2205,\"height\":735,\"caption\":\"Vicolli - Yaz\u0131l\u0131m & Tasar\u0131m\"},\"image\":{\"@id\":\"https:\/\/vicolli.com\/#\/schema\/logo\/image\/\"}}]}<\/script>\n<!-- \/ Yoast SEO plugin. -->","yoast_head_json":{"title":"Icon Box - Vicolli - Yaz\u0131l\u0131m &amp; Tasar\u0131m","robots":{"index":"index","follow":"follow","max-snippet":"max-snippet:-1","max-image-preview":"max-image-preview:large","max-video-preview":"max-video-preview:-1"},"canonical":"https:\/\/vicolli.com\/?page_id=1304","og_locale":"tr_TR","og_type":"article","og_title":"Icon Box - Vicolli - Yaz\u0131l\u0131m &amp; Tasar\u0131m","og_url":"https:\/\/vicolli.com\/?page_id=1304","og_site_name":"Vicolli - Yaz\u0131l\u0131m &amp; Tasar\u0131m","twitter_card":"summary_large_image","twitter_misc":{"Tahmini okuma s\u00fcresi":"4 dakika"},"schema":{"@context":"https:\/\/schema.org","@graph":[{"@type":"WebPage","@id":"https:\/\/vicolli.com\/?page_id=1304","url":"https:\/\/vicolli.com\/?page_id=1304","name":"Icon Box - Vicolli - Yaz\u0131l\u0131m &amp; Tasar\u0131m","isPartOf":{"@id":"https:\/\/vicolli.com\/#website"},"datePublished":"2017-02-13T14:56:52+00:00","breadcrumb":{"@id":"https:\/\/vicolli.com\/?page_id=1304#breadcrumb"},"inLanguage":"tr","potentialAction":[{"@type":"ReadAction","target":["https:\/\/vicolli.com\/?page_id=1304"]}]},{"@type":"BreadcrumbList","@id":"https:\/\/vicolli.com\/?page_id=1304#breadcrumb","itemListElement":[{"@type":"ListItem","position":1,"name":"Anasayfa","item":"https:\/\/vicolli.com\/"},{"@type":"ListItem","position":2,"name":"Elements","item":"https:\/\/vicolli.com\/?page_id=606"},{"@type":"ListItem","position":3,"name":"Icon Box"}]},{"@type":"WebSite","@id":"https:\/\/vicolli.com\/#website","url":"https:\/\/vicolli.com\/","name":"Vicolli - Yaz\u0131l\u0131m & Tasar\u0131m","description":"Unlimited As Your Imagine","publisher":{"@id":"https:\/\/vicolli.com\/#organization"},"potentialAction":[{"@type":"SearchAction","target":{"@type":"EntryPoint","urlTemplate":"https:\/\/vicolli.com\/?s={search_term_string}"},"query-input":{"@type":"PropertyValueSpecification","valueRequired":true,"valueName":"search_term_string"}}],"inLanguage":"tr"},{"@type":"Organization","@id":"https:\/\/vicolli.com\/#organization","name":"Vicolli - Yaz\u0131l\u0131m & Tasar\u0131m","url":"https:\/\/vicolli.com\/","logo":{"@type":"ImageObject","inLanguage":"tr","@id":"https:\/\/vicolli.com\/#\/schema\/logo\/image\/","url":"https:\/\/vicolli.com\/wp-content\/uploads\/2022\/11\/dikdortgen.png","contentUrl":"https:\/\/vicolli.com\/wp-content\/uploads\/2022\/11\/dikdortgen.png","width":2205,"height":735,"caption":"Vicolli - Yaz\u0131l\u0131m & Tasar\u0131m"},"image":{"@id":"https:\/\/vicolli.com\/#\/schema\/logo\/image\/"}}]}},"_links":{"self":[{"href":"https:\/\/vicolli.com\/index.php?rest_route=\/wp\/v2\/pages\/1304","targetHints":{"allow":["GET"]}}],"collection":[{"href":"https:\/\/vicolli.com\/index.php?rest_route=\/wp\/v2\/pages"}],"about":[{"href":"https:\/\/vicolli.com\/index.php?rest_route=\/wp\/v2\/types\/page"}],"author":[{"embeddable":true,"href":"https:\/\/vicolli.com\/index.php?rest_route=\/wp\/v2\/users\/1"}],"replies":[{"embeddable":true,"href":"https:\/\/vicolli.com\/index.php?rest_route=%2Fwp%2Fv2%2Fcomments&post=1304"}],"version-history":[{"count":0,"href":"https:\/\/vicolli.com\/index.php?rest_route=\/wp\/v2\/pages\/1304\/revisions"}],"up":[{"embeddable":true,"href":"https:\/\/vicolli.com\/index.php?rest_route=\/wp\/v2\/pages\/606"}],"wp:attachment":[{"href":"https:\/\/vicolli.com\/index.php?rest_route=%2Fwp%2Fv2%2Fmedia&parent=1304"}],"curies":[{"name":"wp","href":"https:\/\/api.w.org\/{rel}","templated":true}]}}